{"id":638,"date":"2023-09-11T12:47:54","date_gmt":"2023-09-11T12:47:54","guid":{"rendered":"https:\/\/kaupunginhotelli.fi\/?page_id=638"},"modified":"2023-09-13T12:01:13","modified_gmt":"2023-09-13T12:01:13","slug":"tietosuojaseloste-gdpr","status":"publish","type":"page","link":"https:\/\/kaupunginhotelli.fi\/index.php\/tietosuojaseloste-gdpr\/","title":{"rendered":"Tietosuojaseloste (GDPR)"},"content":{"rendered":"\n<p>T\u00e4m\u00e4 on Tietosuojalain (5.12.2018\/1050) sek\u00e4 EU:n yleisen tietosuoja-asetuksen (679\/2016) 12 ja 13 artiklan mukainen yhdistetty rekisteriseloste ja informointiasiakirja Tammisaaren Kaupunginhotelli Oy:n asiakkaille, potentiaalisille asiakkaille, yhteisty\u00f6kumppaneille ja verkkosivuston vierailijoille.<\/p>\n\n\n\n<p>Rekisterinpit\u00e4j\u00e4<\/p>\n\n\n\n<p>Tammmisaaren Kaupunginhotelli Oy<br>Pohjoinen Rantakatu 1<br>10600 Tammisari<br>Y-tunnus: 1082722-0<\/p>\n\n\n\n<p><em>Yhteyshenkil\u00f6<\/em><br>Markku Haila<br>+358 (0) 19 241 3131<br>tammisaaren(at)kaupunginhotelli.fi<\/p>\n\n\n\n<p>Tarkastettu 31\/08\/2023.<\/p>\n\n\n\n<hr class=\"wp-block-separator has-alpha-channel-opacity\"\/>\n\n\n\n<p><strong>Ker\u00e4\u00e4m\u00e4mme tiedot<\/strong><\/p>\n\n\n\n<ul class=\"wp-block-list\">\n<li>asiakkaidemme yhteystiedot<\/li>\n\n\n\n<li>mahdollisten kumppaneiden yhteystiedot<\/li>\n<\/ul>\n\n\n\n<p><strong>Tietol\u00e4hteet<\/strong><\/p>\n\n\n\n<p>Hankimme tiedot henkil\u00f6ilt\u00e4\/yrityksilt\u00e4 itselt\u00e4\u00e4n. Kun vierailet verkkosivustollamme tai otat meihin muulla tavoin yhteytt\u00e4, tallennamme yhteystietosi rekisteriimme.<\/p>\n\n\n\n<p><strong>K\u00e4sittelem\u00e4mme tiedot<\/strong><\/p>\n\n\n\n<p>K\u00e4sittelemme ainoastaan niit\u00e4 tietoja, jotka annat meille.<\/p>\n\n\n\n<p>Sinulla on kerran (1) vuodessa oikeus pyyt\u00e4\u00e4 tietojasi tarkastettavaksi veloituksetta. Mik\u00e4li haluat tarkastaa tietosi useammin, niin perimme tietojen toimittamisesta aiheutuvat kohtuulliset kustannukset.<\/p>\n\n\n\n<p><strong>Ev\u00e4steet<\/strong><\/p>\n\n\n\n<p>Ev\u00e4steet ovat yleens\u00e4 lyhyit\u00e4 tekstitiedostoja, jotka palvelimemme tallentaa tietokoneellesi ja noutaa tarvittaessa. K\u00e4yt\u00e4mme ev\u00e4steit\u00e4 saadaksemme tietoa verkkosivustomme luotettavuudesta ja soveltuvuudesta laitteillesi.<\/p>\n\n\n\n<p>Olemme minimoineet ev\u00e4steiden k\u00e4yt\u00f6n, koska meid\u00e4n ei tarvitse tunnistaa verkkosivustomme k\u00e4vij\u00f6it\u00e4. Ker\u00e4\u00e4mme ainoastaan yleist\u00e4 tietoa vierailijoiden m\u00e4\u00e4r\u00e4st\u00e4 ja heid\u00e4n sijainnistaan (maakunta\/maa) sek\u00e4 siit\u00e4 laitetyypist\u00e4, jota he k\u00e4ytt\u00e4v\u00e4t verkkosivustomme avaamiseen (puhelin\/tabletti\/tietokone).<\/p>\n\n\n\n<p>Jos et halua vastaanottaa ev\u00e4steit\u00e4, voit poistaa ne k\u00e4yt\u00f6st\u00e4 selainasetuksissasi. Huomaa kuitenkin, ett\u00e4 ev\u00e4steiden poistaminen voi est\u00e4\u00e4 verkkosivustomme asianmukaisen k\u00e4yt\u00f6n.<\/p>\n\n\n\n<p><strong>Miksi k\u00e4sittelemme tietojasi?<\/strong><\/p>\n\n\n\n<ul class=\"wp-block-list\">\n<li>Varmistaaksemme, ett\u00e4 voimme tarjota sinulle sujuvan asiakassuhteen ajantasaisin tiedoin.<\/li>\n\n\n\n<li>Kohdennettuun markkinointiin, jotta saat meilt\u00e4 vain olennaista markkinointia.<\/li>\n<\/ul>\n\n\n\n<p><strong>Kuinka kauan s\u00e4ilyt\u00e4mme tietojasi ja miten?<\/strong><\/p>\n\n\n\n<p>S\u00e4ilyt\u00e4mme tietosi kirjanpitolains\u00e4\u00e4d\u00e4nn\u00f6n mukaisesti. T\u00e4m\u00e4 tarkoittaa, ett\u00e4 tietosi ker\u00e4t\u00e4\u00e4n ja s\u00e4ilytet\u00e4\u00e4n asiakassuhteesi aikana. Tiedot s\u00e4ilytet\u00e4\u00e4n p\u00e4\u00e4asiassa EU:ssa sijaitsevilla palvelimilla. Jos kumppanimme varmuuskopioivat tietoja tilap\u00e4isesti EU:n ulkopuolisille palvelimille, he noudattavat eurooppalaisia GDPR-vaatimuksia. Tiedot poistetaan esimerkiksi viiden (5) tai kymmenen (10) vuoden kuluttua viimeisest\u00e4 vierailusta hotellissamme.<\/p>\n\n\n\n<p>Mahdollisten liikekumppaneiden tietoja s\u00e4ilytet\u00e4\u00e4n markkinointitarkoituksiin kaksitoista (12) kuukautta.<\/p>\n\n\n\n<p><strong>Suojaamme tietojasi<\/strong><\/p>\n\n\n\n<ul class=\"wp-block-list\">\n<li>internet-yhteyden turvaaminen (https)<\/li>\n\n\n\n<li>palomuuri<\/li>\n\n\n\n<li>tietojen salaus<\/li>\n\n\n\n<li>tietokannan k\u00e4ytt\u00f6oikeuksien rajoittaminen: rekisteriin p\u00e4\u00e4sev\u00e4t k\u00e4siksi ainoastaan ne henkil\u00f6t, jotka tarvitsevat sit\u00e4 ty\u00f6ss\u00e4\u00e4n<\/li>\n<\/ul>\n\n\n\n<p><strong>Sinulla on oikeus<\/strong><\/p>\n\n\n\n<ul class=\"wp-block-list\">\n<li>tarkastaa ker\u00e4\u00e4m\u00e4mme tiedot ja tarvittaessa pyyt\u00e4\u00e4 niiden oikaisua<\/li>\n\n\n\n<li>vastustaa henkil\u00f6tietojesi k\u00e4sittely\u00e4<\/li>\n\n\n\n<li>kielt\u00e4yty\u00e4 suoramarkkinoinnista<\/li>\n\n\n\n<li>saada tietosi poistetuksi tietokannastamme<\/li>\n\n\n\n<li>valittaa tietosuojavaltuutetulle, mik\u00e4li koet, ett\u00e4 henkil\u00f6tietojasi k\u00e4sitelless\u00e4mme rikomme voimassa olevaa tietosuojalains\u00e4\u00e4d\u00e4nt\u00f6\u00e4 (<a href=\"https:\/\/tietosuoja.fi\/yhteystiedot\">tietosuojavaltuutettu<\/a>).<\/li>\n<\/ul>\n","protected":false},"excerpt":{"rendered":"<p>T\u00e4m\u00e4 on Tietosuojalain (5.12.2018\/1050) sek\u00e4 EU:n yleisen tietosuoja-asetuksen (679\/2016) 12 ja 13 artiklan mukainen yhdistetty &#8230; <\/p>\n<div class=\"text-center\"><a class=\"theme-btn\" href=\"https:\/\/kaupunginhotelli.fi\/index.php\/tietosuojaseloste-gdpr\/\">Read More<\/a><\/div>\n","protected":false},"author":1,"featured_media":0,"parent":0,"menu_order":0,"comment_status":"closed","ping_status":"closed","template":"","meta":{"footnotes":""},"class_list":["post-638","page","type-page","status-publish","hentry"],"yoast_head":"<!-- This site is optimized with the Yoast SEO plugin v27.5 - https:\/\/yoast.com\/product\/yoast-seo-wordpress\/ -->\n<title>Tietosuojaseloste (GDPR) - Tammisaaren Kaupunginhotelli<\/title>\n<meta name=\"description\" content=\"Tammisaaren Kaupunginhotelli&#039;s privacy policy statement.\" \/>\n<meta name=\"robots\" content=\"index, follow, max-snippet:-1, max-image-preview:large, max-video-preview:-1\" \/>\n<link rel=\"canonical\" href=\"https:\/\/kaupunginhotelli.fi\/index.php\/tietosuojaseloste-gdpr\/\" \/>\n<meta property=\"og:locale\" content=\"en_US\" \/>\n<meta property=\"og:type\" content=\"article\" \/>\n<meta property=\"og:title\" content=\"Tietosuojaseloste (GDPR) - Tammisaaren Kaupunginhotelli\" \/>\n<meta property=\"og:description\" content=\"Tammisaaren Kaupunginhotelli&#039;s privacy policy statement.\" \/>\n<meta property=\"og:url\" content=\"https:\/\/kaupunginhotelli.fi\/index.php\/tietosuojaseloste-gdpr\/\" \/>\n<meta property=\"og:site_name\" content=\"Kaupunginhotelli\" \/>\n<meta property=\"article:modified_time\" content=\"2023-09-13T12:01:13+00:00\" \/>\n<meta name=\"twitter:card\" content=\"summary_large_image\" \/>\n<meta name=\"twitter:label1\" content=\"Est. reading time\" \/>\n\t<meta name=\"twitter:data1\" content=\"2 minutes\" \/>\n<script type=\"application\/ld+json\" class=\"yoast-schema-graph\">{\"@context\":\"https:\\\/\\\/schema.org\",\"@graph\":[{\"@type\":\"WebPage\",\"@id\":\"https:\\\/\\\/kaupunginhotelli.fi\\\/index.php\\\/tietosuojaseloste-gdpr\\\/\",\"url\":\"https:\\\/\\\/kaupunginhotelli.fi\\\/index.php\\\/tietosuojaseloste-gdpr\\\/\",\"name\":\"Tietosuojaseloste (GDPR) - Tammisaaren Kaupunginhotelli\",\"isPartOf\":{\"@id\":\"https:\\\/\\\/kaupunginhotelli.fi\\\/#website\"},\"datePublished\":\"2023-09-11T12:47:54+00:00\",\"dateModified\":\"2023-09-13T12:01:13+00:00\",\"description\":\"Tammisaaren Kaupunginhotelli's privacy policy statement.\",\"inLanguage\":\"en-US\",\"potentialAction\":[{\"@type\":\"ReadAction\",\"target\":[\"https:\\\/\\\/kaupunginhotelli.fi\\\/index.php\\\/tietosuojaseloste-gdpr\\\/\"]}]},{\"@type\":\"WebSite\",\"@id\":\"https:\\\/\\\/kaupunginhotelli.fi\\\/#website\",\"url\":\"https:\\\/\\\/kaupunginhotelli.fi\\\/\",\"name\":\"www.kaupunginhotelli.fi\",\"description\":\"\",\"publisher\":{\"@id\":\"https:\\\/\\\/kaupunginhotelli.fi\\\/#organization\"},\"potentialAction\":[{\"@type\":\"SearchAction\",\"target\":{\"@type\":\"EntryPoint\",\"urlTemplate\":\"https:\\\/\\\/kaupunginhotelli.fi\\\/?s={search_term_string}\"},\"query-input\":{\"@type\":\"PropertyValueSpecification\",\"valueRequired\":true,\"valueName\":\"search_term_string\"}}],\"inLanguage\":\"en-US\"},{\"@type\":\"Organization\",\"@id\":\"https:\\\/\\\/kaupunginhotelli.fi\\\/#organization\",\"name\":\"Tammisaaren Kaupunginhotelli Oy\",\"url\":\"https:\\\/\\\/kaupunginhotelli.fi\\\/\",\"logo\":{\"@type\":\"ImageObject\",\"inLanguage\":\"en-US\",\"@id\":\"https:\\\/\\\/kaupunginhotelli.fi\\\/#\\\/schema\\\/logo\\\/image\\\/\",\"url\":\"https:\\\/\\\/kaupunginhotelli.fi\\\/wp-content\\\/uploads\\\/2023\\\/09\\\/cropped-Tammisaaren-kaupunginhotelli.png\",\"contentUrl\":\"https:\\\/\\\/kaupunginhotelli.fi\\\/wp-content\\\/uploads\\\/2023\\\/09\\\/cropped-Tammisaaren-kaupunginhotelli.png\",\"width\":422,\"height\":141,\"caption\":\"Tammisaaren Kaupunginhotelli Oy\"},\"image\":{\"@id\":\"https:\\\/\\\/kaupunginhotelli.fi\\\/#\\\/schema\\\/logo\\\/image\\\/\"}}]}<\/script>\n<!-- \/ Yoast SEO plugin. -->","yoast_head_json":{"title":"Tietosuojaseloste (GDPR) - Tammisaaren Kaupunginhotelli","description":"Tammisaaren Kaupunginhotelli's privacy policy statement.","robots":{"index":"index","follow":"follow","max-snippet":"max-snippet:-1","max-image-preview":"max-image-preview:large","max-video-preview":"max-video-preview:-1"},"canonical":"https:\/\/kaupunginhotelli.fi\/index.php\/tietosuojaseloste-gdpr\/","og_locale":"en_US","og_type":"article","og_title":"Tietosuojaseloste (GDPR) - Tammisaaren Kaupunginhotelli","og_description":"Tammisaaren Kaupunginhotelli's privacy policy statement.","og_url":"https:\/\/kaupunginhotelli.fi\/index.php\/tietosuojaseloste-gdpr\/","og_site_name":"Kaupunginhotelli","article_modified_time":"2023-09-13T12:01:13+00:00","twitter_card":"summary_large_image","twitter_misc":{"Est. reading time":"2 minutes"},"schema":{"@context":"https:\/\/schema.org","@graph":[{"@type":"WebPage","@id":"https:\/\/kaupunginhotelli.fi\/index.php\/tietosuojaseloste-gdpr\/","url":"https:\/\/kaupunginhotelli.fi\/index.php\/tietosuojaseloste-gdpr\/","name":"Tietosuojaseloste (GDPR) - Tammisaaren Kaupunginhotelli","isPartOf":{"@id":"https:\/\/kaupunginhotelli.fi\/#website"},"datePublished":"2023-09-11T12:47:54+00:00","dateModified":"2023-09-13T12:01:13+00:00","description":"Tammisaaren Kaupunginhotelli's privacy policy statement.","inLanguage":"en-US","potentialAction":[{"@type":"ReadAction","target":["https:\/\/kaupunginhotelli.fi\/index.php\/tietosuojaseloste-gdpr\/"]}]},{"@type":"WebSite","@id":"https:\/\/kaupunginhotelli.fi\/#website","url":"https:\/\/kaupunginhotelli.fi\/","name":"www.kaupunginhotelli.fi","description":"","publisher":{"@id":"https:\/\/kaupunginhotelli.fi\/#organization"},"potentialAction":[{"@type":"SearchAction","target":{"@type":"EntryPoint","urlTemplate":"https:\/\/kaupunginhotelli.fi\/?s={search_term_string}"},"query-input":{"@type":"PropertyValueSpecification","valueRequired":true,"valueName":"search_term_string"}}],"inLanguage":"en-US"},{"@type":"Organization","@id":"https:\/\/kaupunginhotelli.fi\/#organization","name":"Tammisaaren Kaupunginhotelli Oy","url":"https:\/\/kaupunginhotelli.fi\/","logo":{"@type":"ImageObject","inLanguage":"en-US","@id":"https:\/\/kaupunginhotelli.fi\/#\/schema\/logo\/image\/","url":"https:\/\/kaupunginhotelli.fi\/wp-content\/uploads\/2023\/09\/cropped-Tammisaaren-kaupunginhotelli.png","contentUrl":"https:\/\/kaupunginhotelli.fi\/wp-content\/uploads\/2023\/09\/cropped-Tammisaaren-kaupunginhotelli.png","width":422,"height":141,"caption":"Tammisaaren Kaupunginhotelli Oy"},"image":{"@id":"https:\/\/kaupunginhotelli.fi\/#\/schema\/logo\/image\/"}}]}},"_links":{"self":[{"href":"https:\/\/kaupunginhotelli.fi\/index.php\/wp-json\/wp\/v2\/pages\/638","targetHints":{"allow":["GET"]}}],"collection":[{"href":"https:\/\/kaupunginhotelli.fi\/index.php\/wp-json\/wp\/v2\/pages"}],"about":[{"href":"https:\/\/kaupunginhotelli.fi\/index.php\/wp-json\/wp\/v2\/types\/page"}],"author":[{"embeddable":true,"href":"https:\/\/kaupunginhotelli.fi\/index.php\/wp-json\/wp\/v2\/users\/1"}],"replies":[{"embeddable":true,"href":"https:\/\/kaupunginhotelli.fi\/index.php\/wp-json\/wp\/v2\/comments?post=638"}],"version-history":[{"count":3,"href":"https:\/\/kaupunginhotelli.fi\/index.php\/wp-json\/wp\/v2\/pages\/638\/revisions"}],"predecessor-version":[{"id":670,"href":"https:\/\/kaupunginhotelli.fi\/index.php\/wp-json\/wp\/v2\/pages\/638\/revisions\/670"}],"wp:attachment":[{"href":"https:\/\/kaupunginhotelli.fi\/index.php\/wp-json\/wp\/v2\/media?parent=638"}],"curies":[{"name":"wp","href":"https:\/\/api.w.org\/{rel}","templated":true}]}}