{"id":567,"date":"2023-09-08T13:46:24","date_gmt":"2023-09-08T13:46:24","guid":{"rendered":"https:\/\/kaupunginhotelli.fi\/?page_id=567"},"modified":"2023-09-13T12:27:07","modified_gmt":"2023-09-13T12:27:07","slug":"parvekkeellinen-sviitti","status":"publish","type":"page","link":"https:\/\/kaupunginhotelli.fi\/index.php\/parvekkeellinen-sviitti\/","title":{"rendered":"Parvekkeellinen sviitti"},"content":{"rendered":"\t\t<div data-elementor-type=\"wp-page\" data-elementor-id=\"567\" class=\"elementor elementor-567\">\n\t\t\t\t\t\t<section class=\"elementor-section elementor-top-section elementor-element elementor-element-921d460 elementor-section-boxed elementor-section-height-default elementor-section-height-default\" data-id=\"921d460\" data-element_type=\"section\" data-e-type=\"section\">\n\t\t\t\t\t\t<div class=\"elementor-container elementor-column-gap-default\">\n\t\t\t\t\t<div class=\"elementor-column elementor-col-100 elementor-top-column elementor-element elementor-element-40359518\" data-id=\"40359518\" data-element_type=\"column\" data-e-type=\"column\">\n\t\t\t<div class=\"elementor-widget-wrap elementor-element-populated\">\n\t\t\t\t\t\t<div class=\"elementor-element elementor-element-c184968 elementor-widget elementor-widget-heading\" data-id=\"c184968\" data-element_type=\"widget\" data-e-type=\"widget\" data-widget_type=\"heading.default\">\n\t\t\t\t<div class=\"elementor-widget-container\">\n\t\t\t\t\t<h2 class=\"elementor-heading-title elementor-size-default\">Sviitti, jossa on makuuhuone ja olohuone. N\u00e4k\u00f6ala on merelle p\u00e4in.<\/h2>\t\t\t\t<\/div>\n\t\t\t\t<\/div>\n\t\t\t\t<section class=\"elementor-section elementor-inner-section elementor-element elementor-element-ee15353 elementor-section-boxed elementor-section-height-default elementor-section-height-default\" data-id=\"ee15353\" data-element_type=\"section\" data-e-type=\"section\">\n\t\t\t\t\t\t<div class=\"elementor-container elementor-column-gap-default\">\n\t\t\t\t\t<div class=\"elementor-column elementor-col-50 elementor-inner-column elementor-element elementor-element-7941a5e7\" data-id=\"7941a5e7\" data-element_type=\"column\" data-e-type=\"column\">\n\t\t\t<div class=\"elementor-widget-wrap elementor-element-populated\">\n\t\t\t\t\t\t<div class=\"elementor-element elementor-element-39eb4bce elementor-widget elementor-widget-image\" data-id=\"39eb4bce\" data-element_type=\"widget\" data-e-type=\"widget\" data-widget_type=\"image.default\">\n\t\t\t\t<div class=\"elementor-widget-container\">\n\t\t\t\t\t\t\t\t\t\t\t\t\t\t\t<img fetchpriority=\"high\" decoding=\"async\" width=\"768\" height=\"1024\" src=\"https:\/\/kaupunginhotelli.fi\/wp-content\/uploads\/2023\/09\/SwB-living-room-768x1024.jpg\" class=\"attachment-large size-large wp-image-342\" alt=\"Tammisaaren kaupunginhotelli and suite with balcony.\" srcset=\"https:\/\/kaupunginhotelli.fi\/wp-content\/uploads\/2023\/09\/SwB-living-room-768x1024.jpg 768w, https:\/\/kaupunginhotelli.fi\/wp-content\/uploads\/2023\/09\/SwB-living-room-225x300.jpg 225w, https:\/\/kaupunginhotelli.fi\/wp-content\/uploads\/2023\/09\/SwB-living-room-1152x1536.jpg 1152w, https:\/\/kaupunginhotelli.fi\/wp-content\/uploads\/2023\/09\/SwB-living-room-1536x2048.jpg 1536w, https:\/\/kaupunginhotelli.fi\/wp-content\/uploads\/2023\/09\/SwB-living-room-scaled.jpg 1920w\" sizes=\"(max-width: 768px) 100vw, 768px\" \/>\t\t\t\t\t\t\t\t\t\t\t\t\t\t\t<\/div>\n\t\t\t\t<\/div>\n\t\t\t\t\t<\/div>\n\t\t<\/div>\n\t\t\t\t<div class=\"elementor-column elementor-col-50 elementor-inner-column elementor-element elementor-element-d8c4a15\" data-id=\"d8c4a15\" data-element_type=\"column\" data-e-type=\"column\">\n\t\t\t<div class=\"elementor-widget-wrap elementor-element-populated\">\n\t\t\t\t\t\t<div class=\"elementor-element elementor-element-776bfe91 elementor-widget elementor-widget-text-editor\" data-id=\"776bfe91\" data-element_type=\"widget\" data-e-type=\"widget\" data-widget_type=\"text-editor.default\">\n\t\t\t\t<div class=\"elementor-widget-container\">\n\t\t\t\t\t\t\t\t\t<p><strong>Vuodekoko: <\/strong>Queen size -vuode, 160&#215;200\u00a0\u00a0 <strong>Huonekoko<\/strong><strong>:<\/strong>\u00a040 m<sup>2<\/sup><\/p><p><strong>Huoneen varustelu:<\/strong><\/p><ul><li>Ilmastointi<\/li><li>Parveke, jolta n\u00e4kym\u00e4 merelle p\u00e4in<\/li><li>J\u00e4\u00e4kaappi ja vedenkeitin<\/li><li>WC &amp; suihku<\/li><li>Hiustenkuivaaja<\/li><li>TV<\/li><li>P\u00f6yt\u00e4lamppu<\/li><li>Hygieniatuotteet<\/li><li>Pyyhkeet ja liinavaatteet<\/li><li>Kirjoitusp\u00f6yt\u00e4 ja sohva<\/li><li>Vaatekaappi<\/li><\/ul>\t\t\t\t\t\t\t\t<\/div>\n\t\t\t\t<\/div>\n\t\t\t\t\t<\/div>\n\t\t<\/div>\n\t\t\t\t\t<\/div>\n\t\t<\/section>\n\t\t\t\t\t<\/div>\n\t\t<\/div>\n\t\t\t\t\t<\/div>\n\t\t<\/section>\n\t\t\t\t<section class=\"elementor-section elementor-top-section elementor-element elementor-element-ec1be94 elementor-section-boxed elementor-section-height-default elementor-section-height-default\" data-id=\"ec1be94\" data-element_type=\"section\" data-e-type=\"section\">\n\t\t\t\t\t\t<div class=\"elementor-container elementor-column-gap-default\">\n\t\t\t\t\t<div class=\"elementor-column elementor-col-50 elementor-top-column elementor-element elementor-element-68719e1\" data-id=\"68719e1\" data-element_type=\"column\" data-e-type=\"column\">\n\t\t\t<div class=\"elementor-widget-wrap elementor-element-populated\">\n\t\t\t\t\t\t<div class=\"elementor-element elementor-element-dba919b elementor-widget elementor-widget-image\" data-id=\"dba919b\" data-element_type=\"widget\" data-e-type=\"widget\" data-widget_type=\"image.default\">\n\t\t\t\t<div class=\"elementor-widget-container\">\n\t\t\t\t\t\t\t\t\t\t\t\t\t\t\t<img decoding=\"async\" width=\"768\" height=\"1024\" data-src=\"https:\/\/kaupunginhotelli.fi\/wp-content\/uploads\/2023\/09\/Suite-with-balcony-768x1024.jpg\" class=\"attachment-large size-large wp-image-339 lazyload\" alt=\"Kaupunginhotelli&#039;s suite with balcony.\" data-srcset=\"https:\/\/kaupunginhotelli.fi\/wp-content\/uploads\/2023\/09\/Suite-with-balcony-768x1024.jpg 768w, https:\/\/kaupunginhotelli.fi\/wp-content\/uploads\/2023\/09\/Suite-with-balcony-225x300.jpg 225w, https:\/\/kaupunginhotelli.fi\/wp-content\/uploads\/2023\/09\/Suite-with-balcony-1152x1536.jpg 1152w, https:\/\/kaupunginhotelli.fi\/wp-content\/uploads\/2023\/09\/Suite-with-balcony-1536x2048.jpg 1536w, https:\/\/kaupunginhotelli.fi\/wp-content\/uploads\/2023\/09\/Suite-with-balcony-scaled.jpg 1920w\" data-sizes=\"(max-width: 768px) 100vw, 768px\" src=\"data:image\/svg+xml;base64,PHN2ZyB3aWR0aD0iMSIgaGVpZ2h0PSIxIiB4bWxucz0iaHR0cDovL3d3dy53My5vcmcvMjAwMC9zdmciPjwvc3ZnPg==\" style=\"--smush-placeholder-width: 768px; --smush-placeholder-aspect-ratio: 768\/1024;\" \/>\t\t\t\t\t\t\t\t\t\t\t\t\t\t\t<\/div>\n\t\t\t\t<\/div>\n\t\t\t\t\t<\/div>\n\t\t<\/div>\n\t\t\t\t<div class=\"elementor-column elementor-col-50 elementor-top-column elementor-element elementor-element-9d0ee13\" data-id=\"9d0ee13\" data-element_type=\"column\" data-e-type=\"column\">\n\t\t\t<div class=\"elementor-widget-wrap elementor-element-populated\">\n\t\t\t\t\t\t<div class=\"elementor-element elementor-element-cc0b0c0 elementor-widget elementor-widget-image\" data-id=\"cc0b0c0\" data-element_type=\"widget\" data-e-type=\"widget\" data-widget_type=\"image.default\">\n\t\t\t\t<div class=\"elementor-widget-container\">\n\t\t\t\t\t\t\t\t\t\t\t\t\t\t\t<img decoding=\"async\" width=\"768\" height=\"1024\" data-src=\"https:\/\/kaupunginhotelli.fi\/wp-content\/uploads\/2023\/09\/Suite-with-balcony-desk-768x1024.jpg\" class=\"attachment-large size-large wp-image-338 lazyload\" alt=\"Tammisaaren kaupunginhotelli and suite.\" data-srcset=\"https:\/\/kaupunginhotelli.fi\/wp-content\/uploads\/2023\/09\/Suite-with-balcony-desk-768x1024.jpg 768w, https:\/\/kaupunginhotelli.fi\/wp-content\/uploads\/2023\/09\/Suite-with-balcony-desk-225x300.jpg 225w, https:\/\/kaupunginhotelli.fi\/wp-content\/uploads\/2023\/09\/Suite-with-balcony-desk-1152x1536.jpg 1152w, https:\/\/kaupunginhotelli.fi\/wp-content\/uploads\/2023\/09\/Suite-with-balcony-desk-1536x2048.jpg 1536w, https:\/\/kaupunginhotelli.fi\/wp-content\/uploads\/2023\/09\/Suite-with-balcony-desk-scaled.jpg 1920w\" data-sizes=\"(max-width: 768px) 100vw, 768px\" src=\"data:image\/svg+xml;base64,PHN2ZyB3aWR0aD0iMSIgaGVpZ2h0PSIxIiB4bWxucz0iaHR0cDovL3d3dy53My5vcmcvMjAwMC9zdmciPjwvc3ZnPg==\" style=\"--smush-placeholder-width: 768px; --smush-placeholder-aspect-ratio: 768\/1024;\" \/>\t\t\t\t\t\t\t\t\t\t\t\t\t\t\t<\/div>\n\t\t\t\t<\/div>\n\t\t\t\t\t<\/div>\n\t\t<\/div>\n\t\t\t\t\t<\/div>\n\t\t<\/section>\n\t\t\t\t<\/div>\n\t\t","protected":false},"excerpt":{"rendered":"<p>Sviitti, jossa on makuuhuone ja olohuone. N\u00e4k\u00f6ala on merelle p\u00e4in. Vuodekoko: Queen size -vuode, 160&#215;200\u00a0\u00a0 &#8230; <\/p>\n<div class=\"text-center\"><a class=\"theme-btn\" href=\"https:\/\/kaupunginhotelli.fi\/index.php\/parvekkeellinen-sviitti\/\">Read More<\/a><\/div>\n","protected":false},"author":1,"featured_media":0,"parent":0,"menu_order":0,"comment_status":"closed","ping_status":"closed","template":"","meta":{"footnotes":""},"class_list":["post-567","page","type-page","status-publish","hentry"],"yoast_head":"<!-- This site is optimized with the Yoast SEO plugin v27.5 - https:\/\/yoast.com\/product\/yoast-seo-wordpress\/ -->\n<title>Parvekkeellinen sviitti - Kaupunginhotelli<\/title>\n<meta name=\"robots\" content=\"index, follow, max-snippet:-1, max-image-preview:large, max-video-preview:-1\" \/>\n<link rel=\"canonical\" href=\"https:\/\/kaupunginhotelli.fi\/index.php\/parvekkeellinen-sviitti\/\" \/>\n<meta property=\"og:locale\" content=\"en_US\" \/>\n<meta property=\"og:type\" content=\"article\" \/>\n<meta property=\"og:title\" content=\"Parvekkeellinen sviitti - Kaupunginhotelli\" \/>\n<meta property=\"og:description\" content=\"Sviitti, jossa on makuuhuone ja olohuone. N\u00e4k\u00f6ala on merelle p\u00e4in. Vuodekoko: Queen size -vuode, 160&#215;200\u00a0\u00a0 ... Read More\" \/>\n<meta property=\"og:url\" content=\"https:\/\/kaupunginhotelli.fi\/index.php\/parvekkeellinen-sviitti\/\" \/>\n<meta property=\"og:site_name\" content=\"Kaupunginhotelli\" \/>\n<meta property=\"article:modified_time\" content=\"2023-09-13T12:27:07+00:00\" \/>\n<meta property=\"og:image\" content=\"https:\/\/kaupunginhotelli.fi\/wp-content\/uploads\/2023\/09\/SwB-living-room-768x1024.jpg\" \/>\n<meta name=\"twitter:card\" content=\"summary_large_image\" \/>\n<meta name=\"twitter:label1\" content=\"Est. reading time\" \/>\n\t<meta name=\"twitter:data1\" content=\"1 minute\" \/>\n<script type=\"application\/ld+json\" class=\"yoast-schema-graph\">{\"@context\":\"https:\\\/\\\/schema.org\",\"@graph\":[{\"@type\":\"WebPage\",\"@id\":\"https:\\\/\\\/kaupunginhotelli.fi\\\/index.php\\\/parvekkeellinen-sviitti\\\/\",\"url\":\"https:\\\/\\\/kaupunginhotelli.fi\\\/index.php\\\/parvekkeellinen-sviitti\\\/\",\"name\":\"Parvekkeellinen sviitti - Kaupunginhotelli\",\"isPartOf\":{\"@id\":\"https:\\\/\\\/kaupunginhotelli.fi\\\/#website\"},\"primaryImageOfPage\":{\"@id\":\"https:\\\/\\\/kaupunginhotelli.fi\\\/index.php\\\/parvekkeellinen-sviitti\\\/#primaryimage\"},\"image\":{\"@id\":\"https:\\\/\\\/kaupunginhotelli.fi\\\/index.php\\\/parvekkeellinen-sviitti\\\/#primaryimage\"},\"thumbnailUrl\":\"https:\\\/\\\/kaupunginhotelli.fi\\\/wp-content\\\/uploads\\\/2023\\\/09\\\/SwB-living-room-768x1024.jpg\",\"datePublished\":\"2023-09-08T13:46:24+00:00\",\"dateModified\":\"2023-09-13T12:27:07+00:00\",\"inLanguage\":\"en-US\",\"potentialAction\":[{\"@type\":\"ReadAction\",\"target\":[\"https:\\\/\\\/kaupunginhotelli.fi\\\/index.php\\\/parvekkeellinen-sviitti\\\/\"]}]},{\"@type\":\"ImageObject\",\"inLanguage\":\"en-US\",\"@id\":\"https:\\\/\\\/kaupunginhotelli.fi\\\/index.php\\\/parvekkeellinen-sviitti\\\/#primaryimage\",\"url\":\"https:\\\/\\\/kaupunginhotelli.fi\\\/wp-content\\\/uploads\\\/2023\\\/09\\\/SwB-living-room-scaled.jpg\",\"contentUrl\":\"https:\\\/\\\/kaupunginhotelli.fi\\\/wp-content\\\/uploads\\\/2023\\\/09\\\/SwB-living-room-scaled.jpg\",\"width\":1920,\"height\":2560,\"caption\":\"Tammisaaren kaupunginhotelli and suite with balcony.\"},{\"@type\":\"WebSite\",\"@id\":\"https:\\\/\\\/kaupunginhotelli.fi\\\/#website\",\"url\":\"https:\\\/\\\/kaupunginhotelli.fi\\\/\",\"name\":\"www.kaupunginhotelli.fi\",\"description\":\"\",\"publisher\":{\"@id\":\"https:\\\/\\\/kaupunginhotelli.fi\\\/#organization\"},\"potentialAction\":[{\"@type\":\"SearchAction\",\"target\":{\"@type\":\"EntryPoint\",\"urlTemplate\":\"https:\\\/\\\/kaupunginhotelli.fi\\\/?s={search_term_string}\"},\"query-input\":{\"@type\":\"PropertyValueSpecification\",\"valueRequired\":true,\"valueName\":\"search_term_string\"}}],\"inLanguage\":\"en-US\"},{\"@type\":\"Organization\",\"@id\":\"https:\\\/\\\/kaupunginhotelli.fi\\\/#organization\",\"name\":\"Tammisaaren Kaupunginhotelli Oy\",\"url\":\"https:\\\/\\\/kaupunginhotelli.fi\\\/\",\"logo\":{\"@type\":\"ImageObject\",\"inLanguage\":\"en-US\",\"@id\":\"https:\\\/\\\/kaupunginhotelli.fi\\\/#\\\/schema\\\/logo\\\/image\\\/\",\"url\":\"https:\\\/\\\/kaupunginhotelli.fi\\\/wp-content\\\/uploads\\\/2023\\\/09\\\/cropped-Tammisaaren-kaupunginhotelli.png\",\"contentUrl\":\"https:\\\/\\\/kaupunginhotelli.fi\\\/wp-content\\\/uploads\\\/2023\\\/09\\\/cropped-Tammisaaren-kaupunginhotelli.png\",\"width\":422,\"height\":141,\"caption\":\"Tammisaaren Kaupunginhotelli Oy\"},\"image\":{\"@id\":\"https:\\\/\\\/kaupunginhotelli.fi\\\/#\\\/schema\\\/logo\\\/image\\\/\"}}]}<\/script>\n<!-- \/ Yoast SEO plugin. -->","yoast_head_json":{"title":"Parvekkeellinen sviitti - Kaupunginhotelli","robots":{"index":"index","follow":"follow","max-snippet":"max-snippet:-1","max-image-preview":"max-image-preview:large","max-video-preview":"max-video-preview:-1"},"canonical":"https:\/\/kaupunginhotelli.fi\/index.php\/parvekkeellinen-sviitti\/","og_locale":"en_US","og_type":"article","og_title":"Parvekkeellinen sviitti - Kaupunginhotelli","og_description":"Sviitti, jossa on makuuhuone ja olohuone. N\u00e4k\u00f6ala on merelle p\u00e4in. Vuodekoko: Queen size -vuode, 160&#215;200\u00a0\u00a0 ... Read More","og_url":"https:\/\/kaupunginhotelli.fi\/index.php\/parvekkeellinen-sviitti\/","og_site_name":"Kaupunginhotelli","article_modified_time":"2023-09-13T12:27:07+00:00","og_image":[{"url":"https:\/\/kaupunginhotelli.fi\/wp-content\/uploads\/2023\/09\/SwB-living-room-768x1024.jpg","type":"","width":"","height":""}],"twitter_card":"summary_large_image","twitter_misc":{"Est. reading time":"1 minute"},"schema":{"@context":"https:\/\/schema.org","@graph":[{"@type":"WebPage","@id":"https:\/\/kaupunginhotelli.fi\/index.php\/parvekkeellinen-sviitti\/","url":"https:\/\/kaupunginhotelli.fi\/index.php\/parvekkeellinen-sviitti\/","name":"Parvekkeellinen sviitti - Kaupunginhotelli","isPartOf":{"@id":"https:\/\/kaupunginhotelli.fi\/#website"},"primaryImageOfPage":{"@id":"https:\/\/kaupunginhotelli.fi\/index.php\/parvekkeellinen-sviitti\/#primaryimage"},"image":{"@id":"https:\/\/kaupunginhotelli.fi\/index.php\/parvekkeellinen-sviitti\/#primaryimage"},"thumbnailUrl":"https:\/\/kaupunginhotelli.fi\/wp-content\/uploads\/2023\/09\/SwB-living-room-768x1024.jpg","datePublished":"2023-09-08T13:46:24+00:00","dateModified":"2023-09-13T12:27:07+00:00","inLanguage":"en-US","potentialAction":[{"@type":"ReadAction","target":["https:\/\/kaupunginhotelli.fi\/index.php\/parvekkeellinen-sviitti\/"]}]},{"@type":"ImageObject","inLanguage":"en-US","@id":"https:\/\/kaupunginhotelli.fi\/index.php\/parvekkeellinen-sviitti\/#primaryimage","url":"https:\/\/kaupunginhotelli.fi\/wp-content\/uploads\/2023\/09\/SwB-living-room-scaled.jpg","contentUrl":"https:\/\/kaupunginhotelli.fi\/wp-content\/uploads\/2023\/09\/SwB-living-room-scaled.jpg","width":1920,"height":2560,"caption":"Tammisaaren kaupunginhotelli and suite with balcony."},{"@type":"WebSite","@id":"https:\/\/kaupunginhotelli.fi\/#website","url":"https:\/\/kaupunginhotelli.fi\/","name":"www.kaupunginhotelli.fi","description":"","publisher":{"@id":"https:\/\/kaupunginhotelli.fi\/#organization"},"potentialAction":[{"@type":"SearchAction","target":{"@type":"EntryPoint","urlTemplate":"https:\/\/kaupunginhotelli.fi\/?s={search_term_string}"},"query-input":{"@type":"PropertyValueSpecification","valueRequired":true,"valueName":"search_term_string"}}],"inLanguage":"en-US"},{"@type":"Organization","@id":"https:\/\/kaupunginhotelli.fi\/#organization","name":"Tammisaaren Kaupunginhotelli Oy","url":"https:\/\/kaupunginhotelli.fi\/","logo":{"@type":"ImageObject","inLanguage":"en-US","@id":"https:\/\/kaupunginhotelli.fi\/#\/schema\/logo\/image\/","url":"https:\/\/kaupunginhotelli.fi\/wp-content\/uploads\/2023\/09\/cropped-Tammisaaren-kaupunginhotelli.png","contentUrl":"https:\/\/kaupunginhotelli.fi\/wp-content\/uploads\/2023\/09\/cropped-Tammisaaren-kaupunginhotelli.png","width":422,"height":141,"caption":"Tammisaaren Kaupunginhotelli Oy"},"image":{"@id":"https:\/\/kaupunginhotelli.fi\/#\/schema\/logo\/image\/"}}]}},"_links":{"self":[{"href":"https:\/\/kaupunginhotelli.fi\/index.php\/wp-json\/wp\/v2\/pages\/567","targetHints":{"allow":["GET"]}}],"collection":[{"href":"https:\/\/kaupunginhotelli.fi\/index.php\/wp-json\/wp\/v2\/pages"}],"about":[{"href":"https:\/\/kaupunginhotelli.fi\/index.php\/wp-json\/wp\/v2\/types\/page"}],"author":[{"embeddable":true,"href":"https:\/\/kaupunginhotelli.fi\/index.php\/wp-json\/wp\/v2\/users\/1"}],"replies":[{"embeddable":true,"href":"https:\/\/kaupunginhotelli.fi\/index.php\/wp-json\/wp\/v2\/comments?post=567"}],"version-history":[{"count":11,"href":"https:\/\/kaupunginhotelli.fi\/index.php\/wp-json\/wp\/v2\/pages\/567\/revisions"}],"predecessor-version":[{"id":717,"href":"https:\/\/kaupunginhotelli.fi\/index.php\/wp-json\/wp\/v2\/pages\/567\/revisions\/717"}],"wp:attachment":[{"href":"https:\/\/kaupunginhotelli.fi\/index.php\/wp-json\/wp\/v2\/media?parent=567"}],"curies":[{"name":"wp","href":"https:\/\/api.w.org\/{rel}","templated":true}]}}