{"id":533,"date":"2023-09-08T12:55:01","date_gmt":"2023-09-08T12:55:01","guid":{"rendered":"https:\/\/kaupunginhotelli.fi\/?page_id=533"},"modified":"2023-09-13T12:59:04","modified_gmt":"2023-09-13T12:59:04","slug":"svit-tammisaari","status":"publish","type":"page","link":"https:\/\/kaupunginhotelli.fi\/index.php\/sv\/svit-tammisaari\/","title":{"rendered":"Svit Tammisaari"},"content":{"rendered":"\t\t<div data-elementor-type=\"wp-page\" data-elementor-id=\"533\" class=\"elementor elementor-533\">\n\t\t\t\t\t\t<section class=\"elementor-section elementor-top-section elementor-element elementor-element-5d389a4 elementor-section-boxed elementor-section-height-default elementor-section-height-default\" data-id=\"5d389a4\" data-element_type=\"section\" data-e-type=\"section\">\n\t\t\t\t\t\t<div class=\"elementor-container elementor-column-gap-default\">\n\t\t\t\t\t<div class=\"elementor-column elementor-col-100 elementor-top-column elementor-element elementor-element-95e66ea\" data-id=\"95e66ea\" data-element_type=\"column\" data-e-type=\"column\">\n\t\t\t<div class=\"elementor-widget-wrap elementor-element-populated\">\n\t\t\t\t\t\t<div class=\"elementor-element elementor-element-2ec0444 elementor-widget elementor-widget-heading\" data-id=\"2ec0444\" data-element_type=\"widget\" data-e-type=\"widget\" data-widget_type=\"heading.default\">\n\t\t\t\t<div class=\"elementor-widget-container\">\n\t\t\t\t\t<h2 class=\"elementor-heading-title elementor-size-default\">Stor svit med bastu och balkong.<\/h2>\t\t\t\t<\/div>\n\t\t\t\t<\/div>\n\t\t\t\t\t<\/div>\n\t\t<\/div>\n\t\t\t\t\t<\/div>\n\t\t<\/section>\n\t\t\t\t<section class=\"elementor-section elementor-top-section elementor-element elementor-element-4a3ae694 elementor-section-boxed elementor-section-height-default elementor-section-height-default\" data-id=\"4a3ae694\" data-element_type=\"section\" data-e-type=\"section\">\n\t\t\t\t\t\t<div class=\"elementor-container elementor-column-gap-default\">\n\t\t\t\t\t<div class=\"elementor-column elementor-col-100 elementor-top-column elementor-element elementor-element-7279d6f4\" data-id=\"7279d6f4\" data-element_type=\"column\" data-e-type=\"column\">\n\t\t\t<div class=\"elementor-widget-wrap elementor-element-populated\">\n\t\t\t\t\t\t<section class=\"elementor-section elementor-inner-section elementor-element elementor-element-1cf0120c elementor-section-boxed elementor-section-height-default elementor-section-height-default\" data-id=\"1cf0120c\" data-element_type=\"section\" data-e-type=\"section\">\n\t\t\t\t\t\t<div class=\"elementor-container elementor-column-gap-default\">\n\t\t\t\t\t<div class=\"elementor-column elementor-col-50 elementor-inner-column elementor-element elementor-element-234411a8\" data-id=\"234411a8\" data-element_type=\"column\" data-e-type=\"column\">\n\t\t\t<div class=\"elementor-widget-wrap elementor-element-populated\">\n\t\t\t\t\t\t<div class=\"elementor-element elementor-element-80e579d elementor-widget elementor-widget-image\" data-id=\"80e579d\" data-element_type=\"widget\" data-e-type=\"widget\" data-widget_type=\"image.default\">\n\t\t\t\t<div class=\"elementor-widget-container\">\n\t\t\t\t\t\t\t\t\t\t\t\t\t\t\t<img fetchpriority=\"high\" decoding=\"async\" width=\"768\" height=\"1024\" src=\"https:\/\/kaupunginhotelli.fi\/wp-content\/uploads\/2023\/08\/ts-768x1024.jpg\" class=\"attachment-large size-large wp-image-213\" alt=\"Tammisaaren kaupunginhotelli and Suite\" srcset=\"https:\/\/kaupunginhotelli.fi\/wp-content\/uploads\/2023\/08\/ts-768x1024.jpg 768w, https:\/\/kaupunginhotelli.fi\/wp-content\/uploads\/2023\/08\/ts-225x300.jpg 225w, https:\/\/kaupunginhotelli.fi\/wp-content\/uploads\/2023\/08\/ts-1152x1536.jpg 1152w, https:\/\/kaupunginhotelli.fi\/wp-content\/uploads\/2023\/08\/ts-1536x2048.jpg 1536w, https:\/\/kaupunginhotelli.fi\/wp-content\/uploads\/2023\/08\/ts-scaled.jpg 1920w\" sizes=\"(max-width: 768px) 100vw, 768px\" \/>\t\t\t\t\t\t\t\t\t\t\t\t\t\t\t<\/div>\n\t\t\t\t<\/div>\n\t\t\t\t\t<\/div>\n\t\t<\/div>\n\t\t\t\t<div class=\"elementor-column elementor-col-50 elementor-inner-column elementor-element elementor-element-13724e5c\" data-id=\"13724e5c\" data-element_type=\"column\" data-e-type=\"column\">\n\t\t\t<div class=\"elementor-widget-wrap elementor-element-populated\">\n\t\t\t\t\t\t<div class=\"elementor-element elementor-element-76cc8a96 elementor-widget elementor-widget-text-editor\" data-id=\"76cc8a96\" data-element_type=\"widget\" data-e-type=\"widget\" data-widget_type=\"text-editor.default\">\n\t\t\t\t<div class=\"elementor-widget-container\">\n\t\t\t\t\t\t\t\t\t<p><strong>S\u00e4ngstorlek:<\/strong>&nbsp;Queen size -s\u00e4ng, 160\u00d7200 cm &nbsp; <strong>Rumstorlek:<\/strong>&nbsp;60 m<sup>2<\/sup><\/p>\n<p><strong>Rumfaciliteter:<\/strong><\/p>\n<ul>\n<li>Luftkonditionering<\/li>\n<li>3 rum och balkong med havsutsikt<\/li>\n<li>Bord och stolar f\u00f6r 6 personer<\/li>\n<li>Kylsk\u00e5p och vattenkokare<\/li>\n<li>Toalett och dusch<\/li>\n<li>H\u00e5rtork<\/li>\n<li>TV<\/li>\n<li>Bordlampa<\/li>\n<li>Toalettartiklar<\/li>\n<li>Handdukar och s\u00e4ngkl\u00e4der<\/li>\n<li>Garderob<\/li>\n<li>Skrivbord och soffa<\/li>\n<\/ul>\t\t\t\t\t\t\t\t<\/div>\n\t\t\t\t<\/div>\n\t\t\t\t\t<\/div>\n\t\t<\/div>\n\t\t\t\t\t<\/div>\n\t\t<\/section>\n\t\t\t\t\t<\/div>\n\t\t<\/div>\n\t\t\t\t\t<\/div>\n\t\t<\/section>\n\t\t\t\t<section class=\"elementor-section elementor-top-section elementor-element elementor-element-9469bf4 elementor-section-boxed elementor-section-height-default elementor-section-height-default\" data-id=\"9469bf4\" data-element_type=\"section\" data-e-type=\"section\">\n\t\t\t\t\t\t<div class=\"elementor-container elementor-column-gap-default\">\n\t\t\t\t\t<div class=\"elementor-column elementor-col-33 elementor-top-column elementor-element elementor-element-702e7cf\" data-id=\"702e7cf\" data-element_type=\"column\" data-e-type=\"column\">\n\t\t\t<div class=\"elementor-widget-wrap elementor-element-populated\">\n\t\t\t\t\t\t<div class=\"elementor-element elementor-element-c8badf2 elementor-widget elementor-widget-image\" data-id=\"c8badf2\" data-element_type=\"widget\" data-e-type=\"widget\" data-widget_type=\"image.default\">\n\t\t\t\t<div class=\"elementor-widget-container\">\n\t\t\t\t\t\t\t\t\t\t\t\t\t\t\t<img decoding=\"async\" width=\"768\" height=\"1024\" data-src=\"https:\/\/kaupunginhotelli.fi\/wp-content\/uploads\/2023\/08\/IMG_20210303_122024-1-768x1024.jpg\" class=\"attachment-large size-large wp-image-208 lazyload\" alt=\"\" data-srcset=\"https:\/\/kaupunginhotelli.fi\/wp-content\/uploads\/2023\/08\/IMG_20210303_122024-1-768x1024.jpg 768w, https:\/\/kaupunginhotelli.fi\/wp-content\/uploads\/2023\/08\/IMG_20210303_122024-1-225x300.jpg 225w, https:\/\/kaupunginhotelli.fi\/wp-content\/uploads\/2023\/08\/IMG_20210303_122024-1-1152x1536.jpg 1152w, https:\/\/kaupunginhotelli.fi\/wp-content\/uploads\/2023\/08\/IMG_20210303_122024-1-1536x2048.jpg 1536w, https:\/\/kaupunginhotelli.fi\/wp-content\/uploads\/2023\/08\/IMG_20210303_122024-1-scaled.jpg 1920w\" data-sizes=\"(max-width: 768px) 100vw, 768px\" src=\"data:image\/svg+xml;base64,PHN2ZyB3aWR0aD0iMSIgaGVpZ2h0PSIxIiB4bWxucz0iaHR0cDovL3d3dy53My5vcmcvMjAwMC9zdmciPjwvc3ZnPg==\" style=\"--smush-placeholder-width: 768px; --smush-placeholder-aspect-ratio: 768\/1024;\" \/>\t\t\t\t\t\t\t\t\t\t\t\t\t\t\t<\/div>\n\t\t\t\t<\/div>\n\t\t\t\t\t<\/div>\n\t\t<\/div>\n\t\t\t\t<div class=\"elementor-column elementor-col-33 elementor-top-column elementor-element elementor-element-469b080\" data-id=\"469b080\" data-element_type=\"column\" data-e-type=\"column\">\n\t\t\t<div class=\"elementor-widget-wrap elementor-element-populated\">\n\t\t\t\t\t\t<div class=\"elementor-element elementor-element-dbd2f7a elementor-widget elementor-widget-image\" data-id=\"dbd2f7a\" data-element_type=\"widget\" data-e-type=\"widget\" data-widget_type=\"image.default\">\n\t\t\t\t<div class=\"elementor-widget-container\">\n\t\t\t\t\t\t\t\t\t\t\t\t\t\t\t<img decoding=\"async\" width=\"768\" height=\"1024\" data-src=\"https:\/\/kaupunginhotelli.fi\/wp-content\/uploads\/2023\/09\/TS-queen-bed-768x1024.jpg\" class=\"attachment-medium_large size-medium_large wp-image-345 lazyload\" alt=\"Tammisaari suite and kaupunginhotelli&#039;s queen bed.\" data-srcset=\"https:\/\/kaupunginhotelli.fi\/wp-content\/uploads\/2023\/09\/TS-queen-bed-768x1024.jpg 768w, https:\/\/kaupunginhotelli.fi\/wp-content\/uploads\/2023\/09\/TS-queen-bed-225x300.jpg 225w, https:\/\/kaupunginhotelli.fi\/wp-content\/uploads\/2023\/09\/TS-queen-bed-1152x1536.jpg 1152w, https:\/\/kaupunginhotelli.fi\/wp-content\/uploads\/2023\/09\/TS-queen-bed-1536x2048.jpg 1536w, https:\/\/kaupunginhotelli.fi\/wp-content\/uploads\/2023\/09\/TS-queen-bed-scaled.jpg 1920w\" data-sizes=\"(max-width: 768px) 100vw, 768px\" src=\"data:image\/svg+xml;base64,PHN2ZyB3aWR0aD0iMSIgaGVpZ2h0PSIxIiB4bWxucz0iaHR0cDovL3d3dy53My5vcmcvMjAwMC9zdmciPjwvc3ZnPg==\" style=\"--smush-placeholder-width: 768px; --smush-placeholder-aspect-ratio: 768\/1024;\" \/>\t\t\t\t\t\t\t\t\t\t\t\t\t\t\t<\/div>\n\t\t\t\t<\/div>\n\t\t\t\t\t<\/div>\n\t\t<\/div>\n\t\t\t\t<div class=\"elementor-column elementor-col-33 elementor-top-column elementor-element elementor-element-6f6dff2\" data-id=\"6f6dff2\" data-element_type=\"column\" data-e-type=\"column\">\n\t\t\t<div class=\"elementor-widget-wrap elementor-element-populated\">\n\t\t\t\t\t\t<div class=\"elementor-element elementor-element-1d5d0e4 elementor-widget elementor-widget-image\" data-id=\"1d5d0e4\" data-element_type=\"widget\" data-e-type=\"widget\" data-widget_type=\"image.default\">\n\t\t\t\t<div class=\"elementor-widget-container\">\n\t\t\t\t\t\t\t\t\t\t\t\t\t\t\t<img decoding=\"async\" width=\"768\" height=\"1024\" data-src=\"https:\/\/kaupunginhotelli.fi\/wp-content\/uploads\/2023\/09\/TS-suite-768x1024.jpg\" class=\"attachment-large size-large wp-image-332 lazyload\" alt=\"Tammisaari suite and sauna.\" data-srcset=\"https:\/\/kaupunginhotelli.fi\/wp-content\/uploads\/2023\/09\/TS-suite-768x1024.jpg 768w, https:\/\/kaupunginhotelli.fi\/wp-content\/uploads\/2023\/09\/TS-suite-225x300.jpg 225w, https:\/\/kaupunginhotelli.fi\/wp-content\/uploads\/2023\/09\/TS-suite-1152x1536.jpg 1152w, https:\/\/kaupunginhotelli.fi\/wp-content\/uploads\/2023\/09\/TS-suite-1536x2048.jpg 1536w, https:\/\/kaupunginhotelli.fi\/wp-content\/uploads\/2023\/09\/TS-suite-scaled.jpg 1920w\" data-sizes=\"(max-width: 768px) 100vw, 768px\" src=\"data:image\/svg+xml;base64,PHN2ZyB3aWR0aD0iMSIgaGVpZ2h0PSIxIiB4bWxucz0iaHR0cDovL3d3dy53My5vcmcvMjAwMC9zdmciPjwvc3ZnPg==\" style=\"--smush-placeholder-width: 768px; --smush-placeholder-aspect-ratio: 768\/1024;\" \/>\t\t\t\t\t\t\t\t\t\t\t\t\t\t\t<\/div>\n\t\t\t\t<\/div>\n\t\t\t\t\t<\/div>\n\t\t<\/div>\n\t\t\t\t\t<\/div>\n\t\t<\/section>\n\t\t\t\t<\/div>\n\t\t","protected":false},"excerpt":{"rendered":"<p>Stor svit med bastu och balkong. S\u00e4ngstorlek:&nbsp;Queen size -s\u00e4ng, 160\u00d7200 cm &nbsp; Rumstorlek:&nbsp;60 m2 Rumfaciliteter: &#8230; <\/p>\n<div class=\"text-center\"><a class=\"theme-btn\" href=\"https:\/\/kaupunginhotelli.fi\/index.php\/sv\/svit-tammisaari\/\">Read More<\/a><\/div>\n","protected":false},"author":1,"featured_media":0,"parent":0,"menu_order":0,"comment_status":"closed","ping_status":"closed","template":"","meta":{"footnotes":""},"class_list":["post-533","page","type-page","status-publish","hentry"],"yoast_head":"<!-- This site is optimized with the Yoast SEO plugin v27.5 - https:\/\/yoast.com\/product\/yoast-seo-wordpress\/ -->\n<title>Svit Tammisaari - Kaupunginhotelli<\/title>\n<meta name=\"robots\" content=\"index, follow, max-snippet:-1, max-image-preview:large, max-video-preview:-1\" \/>\n<link rel=\"canonical\" href=\"https:\/\/kaupunginhotelli.fi\/index.php\/sv\/svit-tammisaari\/\" \/>\n<meta property=\"og:locale\" content=\"en_US\" \/>\n<meta property=\"og:type\" content=\"article\" \/>\n<meta property=\"og:title\" content=\"Svit Tammisaari - Kaupunginhotelli\" \/>\n<meta property=\"og:description\" content=\"Stor svit med bastu och balkong. S\u00e4ngstorlek:&nbsp;Queen size -s\u00e4ng, 160\u00d7200 cm &nbsp; Rumstorlek:&nbsp;60 m2 Rumfaciliteter: ... Read More\" \/>\n<meta property=\"og:url\" content=\"https:\/\/kaupunginhotelli.fi\/index.php\/sv\/svit-tammisaari\/\" \/>\n<meta property=\"og:site_name\" content=\"Kaupunginhotelli\" \/>\n<meta property=\"article:modified_time\" content=\"2023-09-13T12:59:04+00:00\" \/>\n<meta property=\"og:image\" content=\"https:\/\/kaupunginhotelli.fi\/wp-content\/uploads\/2023\/08\/ts-768x1024.jpg\" \/>\n<meta name=\"twitter:card\" content=\"summary_large_image\" \/>\n<meta name=\"twitter:label1\" content=\"Est. reading time\" \/>\n\t<meta name=\"twitter:data1\" content=\"2 minutes\" \/>\n<script type=\"application\/ld+json\" class=\"yoast-schema-graph\">{\"@context\":\"https:\\\/\\\/schema.org\",\"@graph\":[{\"@type\":\"WebPage\",\"@id\":\"https:\\\/\\\/kaupunginhotelli.fi\\\/index.php\\\/sv\\\/svit-tammisaari\\\/\",\"url\":\"https:\\\/\\\/kaupunginhotelli.fi\\\/index.php\\\/sv\\\/svit-tammisaari\\\/\",\"name\":\"Svit Tammisaari - Kaupunginhotelli\",\"isPartOf\":{\"@id\":\"https:\\\/\\\/kaupunginhotelli.fi\\\/#website\"},\"primaryImageOfPage\":{\"@id\":\"https:\\\/\\\/kaupunginhotelli.fi\\\/index.php\\\/sv\\\/svit-tammisaari\\\/#primaryimage\"},\"image\":{\"@id\":\"https:\\\/\\\/kaupunginhotelli.fi\\\/index.php\\\/sv\\\/svit-tammisaari\\\/#primaryimage\"},\"thumbnailUrl\":\"https:\\\/\\\/kaupunginhotelli.fi\\\/wp-content\\\/uploads\\\/2023\\\/08\\\/ts-768x1024.jpg\",\"datePublished\":\"2023-09-08T12:55:01+00:00\",\"dateModified\":\"2023-09-13T12:59:04+00:00\",\"inLanguage\":\"en-US\",\"potentialAction\":[{\"@type\":\"ReadAction\",\"target\":[\"https:\\\/\\\/kaupunginhotelli.fi\\\/index.php\\\/sv\\\/svit-tammisaari\\\/\"]}]},{\"@type\":\"ImageObject\",\"inLanguage\":\"en-US\",\"@id\":\"https:\\\/\\\/kaupunginhotelli.fi\\\/index.php\\\/sv\\\/svit-tammisaari\\\/#primaryimage\",\"url\":\"https:\\\/\\\/kaupunginhotelli.fi\\\/wp-content\\\/uploads\\\/2023\\\/08\\\/ts-scaled.jpg\",\"contentUrl\":\"https:\\\/\\\/kaupunginhotelli.fi\\\/wp-content\\\/uploads\\\/2023\\\/08\\\/ts-scaled.jpg\",\"width\":1920,\"height\":2560,\"caption\":\"Tammisaaren kaupunginhotelli and Suite\"},{\"@type\":\"WebSite\",\"@id\":\"https:\\\/\\\/kaupunginhotelli.fi\\\/#website\",\"url\":\"https:\\\/\\\/kaupunginhotelli.fi\\\/\",\"name\":\"www.kaupunginhotelli.fi\",\"description\":\"\",\"publisher\":{\"@id\":\"https:\\\/\\\/kaupunginhotelli.fi\\\/#organization\"},\"potentialAction\":[{\"@type\":\"SearchAction\",\"target\":{\"@type\":\"EntryPoint\",\"urlTemplate\":\"https:\\\/\\\/kaupunginhotelli.fi\\\/?s={search_term_string}\"},\"query-input\":{\"@type\":\"PropertyValueSpecification\",\"valueRequired\":true,\"valueName\":\"search_term_string\"}}],\"inLanguage\":\"en-US\"},{\"@type\":\"Organization\",\"@id\":\"https:\\\/\\\/kaupunginhotelli.fi\\\/#organization\",\"name\":\"Tammisaaren Kaupunginhotelli Oy\",\"url\":\"https:\\\/\\\/kaupunginhotelli.fi\\\/\",\"logo\":{\"@type\":\"ImageObject\",\"inLanguage\":\"en-US\",\"@id\":\"https:\\\/\\\/kaupunginhotelli.fi\\\/#\\\/schema\\\/logo\\\/image\\\/\",\"url\":\"https:\\\/\\\/kaupunginhotelli.fi\\\/wp-content\\\/uploads\\\/2023\\\/09\\\/cropped-Tammisaaren-kaupunginhotelli.png\",\"contentUrl\":\"https:\\\/\\\/kaupunginhotelli.fi\\\/wp-content\\\/uploads\\\/2023\\\/09\\\/cropped-Tammisaaren-kaupunginhotelli.png\",\"width\":422,\"height\":141,\"caption\":\"Tammisaaren Kaupunginhotelli Oy\"},\"image\":{\"@id\":\"https:\\\/\\\/kaupunginhotelli.fi\\\/#\\\/schema\\\/logo\\\/image\\\/\"}}]}<\/script>\n<!-- \/ Yoast SEO plugin. -->","yoast_head_json":{"title":"Svit Tammisaari - Kaupunginhotelli","robots":{"index":"index","follow":"follow","max-snippet":"max-snippet:-1","max-image-preview":"max-image-preview:large","max-video-preview":"max-video-preview:-1"},"canonical":"https:\/\/kaupunginhotelli.fi\/index.php\/sv\/svit-tammisaari\/","og_locale":"en_US","og_type":"article","og_title":"Svit Tammisaari - Kaupunginhotelli","og_description":"Stor svit med bastu och balkong. S\u00e4ngstorlek:&nbsp;Queen size -s\u00e4ng, 160\u00d7200 cm &nbsp; Rumstorlek:&nbsp;60 m2 Rumfaciliteter: ... Read More","og_url":"https:\/\/kaupunginhotelli.fi\/index.php\/sv\/svit-tammisaari\/","og_site_name":"Kaupunginhotelli","article_modified_time":"2023-09-13T12:59:04+00:00","og_image":[{"url":"https:\/\/kaupunginhotelli.fi\/wp-content\/uploads\/2023\/08\/ts-768x1024.jpg","type":"","width":"","height":""}],"twitter_card":"summary_large_image","twitter_misc":{"Est. reading time":"2 minutes"},"schema":{"@context":"https:\/\/schema.org","@graph":[{"@type":"WebPage","@id":"https:\/\/kaupunginhotelli.fi\/index.php\/sv\/svit-tammisaari\/","url":"https:\/\/kaupunginhotelli.fi\/index.php\/sv\/svit-tammisaari\/","name":"Svit Tammisaari - Kaupunginhotelli","isPartOf":{"@id":"https:\/\/kaupunginhotelli.fi\/#website"},"primaryImageOfPage":{"@id":"https:\/\/kaupunginhotelli.fi\/index.php\/sv\/svit-tammisaari\/#primaryimage"},"image":{"@id":"https:\/\/kaupunginhotelli.fi\/index.php\/sv\/svit-tammisaari\/#primaryimage"},"thumbnailUrl":"https:\/\/kaupunginhotelli.fi\/wp-content\/uploads\/2023\/08\/ts-768x1024.jpg","datePublished":"2023-09-08T12:55:01+00:00","dateModified":"2023-09-13T12:59:04+00:00","inLanguage":"en-US","potentialAction":[{"@type":"ReadAction","target":["https:\/\/kaupunginhotelli.fi\/index.php\/sv\/svit-tammisaari\/"]}]},{"@type":"ImageObject","inLanguage":"en-US","@id":"https:\/\/kaupunginhotelli.fi\/index.php\/sv\/svit-tammisaari\/#primaryimage","url":"https:\/\/kaupunginhotelli.fi\/wp-content\/uploads\/2023\/08\/ts-scaled.jpg","contentUrl":"https:\/\/kaupunginhotelli.fi\/wp-content\/uploads\/2023\/08\/ts-scaled.jpg","width":1920,"height":2560,"caption":"Tammisaaren kaupunginhotelli and Suite"},{"@type":"WebSite","@id":"https:\/\/kaupunginhotelli.fi\/#website","url":"https:\/\/kaupunginhotelli.fi\/","name":"www.kaupunginhotelli.fi","description":"","publisher":{"@id":"https:\/\/kaupunginhotelli.fi\/#organization"},"potentialAction":[{"@type":"SearchAction","target":{"@type":"EntryPoint","urlTemplate":"https:\/\/kaupunginhotelli.fi\/?s={search_term_string}"},"query-input":{"@type":"PropertyValueSpecification","valueRequired":true,"valueName":"search_term_string"}}],"inLanguage":"en-US"},{"@type":"Organization","@id":"https:\/\/kaupunginhotelli.fi\/#organization","name":"Tammisaaren Kaupunginhotelli Oy","url":"https:\/\/kaupunginhotelli.fi\/","logo":{"@type":"ImageObject","inLanguage":"en-US","@id":"https:\/\/kaupunginhotelli.fi\/#\/schema\/logo\/image\/","url":"https:\/\/kaupunginhotelli.fi\/wp-content\/uploads\/2023\/09\/cropped-Tammisaaren-kaupunginhotelli.png","contentUrl":"https:\/\/kaupunginhotelli.fi\/wp-content\/uploads\/2023\/09\/cropped-Tammisaaren-kaupunginhotelli.png","width":422,"height":141,"caption":"Tammisaaren Kaupunginhotelli Oy"},"image":{"@id":"https:\/\/kaupunginhotelli.fi\/#\/schema\/logo\/image\/"}}]}},"_links":{"self":[{"href":"https:\/\/kaupunginhotelli.fi\/index.php\/wp-json\/wp\/v2\/pages\/533","targetHints":{"allow":["GET"]}}],"collection":[{"href":"https:\/\/kaupunginhotelli.fi\/index.php\/wp-json\/wp\/v2\/pages"}],"about":[{"href":"https:\/\/kaupunginhotelli.fi\/index.php\/wp-json\/wp\/v2\/types\/page"}],"author":[{"embeddable":true,"href":"https:\/\/kaupunginhotelli.fi\/index.php\/wp-json\/wp\/v2\/users\/1"}],"replies":[{"embeddable":true,"href":"https:\/\/kaupunginhotelli.fi\/index.php\/wp-json\/wp\/v2\/comments?post=533"}],"version-history":[{"count":11,"href":"https:\/\/kaupunginhotelli.fi\/index.php\/wp-json\/wp\/v2\/pages\/533\/revisions"}],"predecessor-version":[{"id":765,"href":"https:\/\/kaupunginhotelli.fi\/index.php\/wp-json\/wp\/v2\/pages\/533\/revisions\/765"}],"wp:attachment":[{"href":"https:\/\/kaupunginhotelli.fi\/index.php\/wp-json\/wp\/v2\/media?parent=533"}],"curies":[{"name":"wp","href":"https:\/\/api.w.org\/{rel}","templated":true}]}}