{"id":511,"date":"2023-09-08T10:51:27","date_gmt":"2023-09-08T10:51:27","guid":{"rendered":"https:\/\/kaupunginhotelli.fi\/?page_id=511"},"modified":"2026-01-19T09:20:15","modified_gmt":"2026-01-19T09:20:15","slug":"hem-2","status":"publish","type":"page","link":"https:\/\/kaupunginhotelli.fi\/index.php\/sv\/hem-2\/","title":{"rendered":"Hem"},"content":{"rendered":"\t\t<div data-elementor-type=\"wp-page\" data-elementor-id=\"511\" class=\"elementor elementor-511\">\n\t\t\t\t\t\t<section class=\"elementor-section elementor-top-section elementor-element elementor-element-9644642 elementor-section-boxed elementor-section-height-default elementor-section-height-default\" data-id=\"9644642\" data-element_type=\"section\" data-e-type=\"section\">\n\t\t\t\t\t\t<div class=\"elementor-container elementor-column-gap-default\">\n\t\t\t\t\t<div class=\"elementor-column elementor-col-100 elementor-top-column elementor-element elementor-element-0670444\" data-id=\"0670444\" data-element_type=\"column\" data-e-type=\"column\">\n\t\t\t<div class=\"elementor-widget-wrap elementor-element-populated\">\n\t\t\t\t\t\t<div class=\"elementor-element elementor-element-ed77c7f elementor-widget-tablet__width-initial elementor-widget elementor-widget-heading\" data-id=\"ed77c7f\" data-element_type=\"widget\" data-e-type=\"widget\" data-widget_type=\"heading.default\">\n\t\t\t\t<div class=\"elementor-widget-container\">\n\t\t\t\t\t<h2 class=\"elementor-heading-title elementor-size-default\"><br>V\u00e4lkommen till <br>Eken\u00e4s Stadshotell<\/h2>\t\t\t\t<\/div>\n\t\t\t\t<\/div>\n\t\t\t\t\t<\/div>\n\t\t<\/div>\n\t\t\t\t\t<\/div>\n\t\t<\/section>\n\t\t\t\t<section class=\"elementor-section elementor-top-section elementor-element elementor-element-353466e elementor-section-boxed elementor-section-height-default elementor-section-height-default\" data-id=\"353466e\" data-element_type=\"section\" data-e-type=\"section\">\n\t\t\t\t\t\t<div class=\"elementor-container elementor-column-gap-default\">\n\t\t\t\t\t<div class=\"elementor-column elementor-col-100 elementor-top-column elementor-element elementor-element-423630fa\" data-id=\"423630fa\" data-element_type=\"column\" data-e-type=\"column\">\n\t\t\t<div class=\"elementor-widget-wrap elementor-element-populated\">\n\t\t\t\t\t\t<div class=\"elementor-element elementor-element-2b86abb9 elementor-widget-tablet__width-initial elementor-widget elementor-widget-image\" data-id=\"2b86abb9\" data-element_type=\"widget\" data-e-type=\"widget\" data-widget_type=\"image.default\">\n\t\t\t\t<div class=\"elementor-widget-container\">\n\t\t\t\t\t\t\t\t\t\t\t\t\t\t\t<img fetchpriority=\"high\" decoding=\"async\" width=\"768\" height=\"576\" src=\"https:\/\/kaupunginhotelli.fi\/wp-content\/uploads\/2025\/03\/julkisivu-Tammisaaren-kaupunginhotelli-1-768x576.jpg\" class=\"attachment-medium_large size-medium_large wp-image-970\" alt=\"\" srcset=\"https:\/\/kaupunginhotelli.fi\/wp-content\/uploads\/2025\/03\/julkisivu-Tammisaaren-kaupunginhotelli-1-768x576.jpg 768w, https:\/\/kaupunginhotelli.fi\/wp-content\/uploads\/2025\/03\/julkisivu-Tammisaaren-kaupunginhotelli-1-300x225.jpg 300w, https:\/\/kaupunginhotelli.fi\/wp-content\/uploads\/2025\/03\/julkisivu-Tammisaaren-kaupunginhotelli-1-1024x768.jpg 1024w, https:\/\/kaupunginhotelli.fi\/wp-content\/uploads\/2025\/03\/julkisivu-Tammisaaren-kaupunginhotelli-1-1536x1152.jpg 1536w, https:\/\/kaupunginhotelli.fi\/wp-content\/uploads\/2025\/03\/julkisivu-Tammisaaren-kaupunginhotelli-1-2048x1536.jpg 2048w\" sizes=\"(max-width: 768px) 100vw, 768px\" \/>\t\t\t\t\t\t\t\t\t\t\t\t\t\t\t<\/div>\n\t\t\t\t<\/div>\n\t\t\t\t\t<\/div>\n\t\t<\/div>\n\t\t\t\t\t<\/div>\n\t\t<\/section>\n\t\t\t\t<section class=\"elementor-section elementor-top-section elementor-element elementor-element-2821188 elementor-section-boxed elementor-section-height-default elementor-section-height-default\" data-id=\"2821188\" data-element_type=\"section\" data-e-type=\"section\">\n\t\t\t\t\t\t<div class=\"elementor-container elementor-column-gap-default\">\n\t\t\t\t\t<div class=\"elementor-column elementor-col-100 elementor-top-column elementor-element elementor-element-a1215dc\" data-id=\"a1215dc\" data-element_type=\"column\" data-e-type=\"column\">\n\t\t\t<div class=\"elementor-widget-wrap elementor-element-populated\">\n\t\t\t\t\t\t<div class=\"elementor-element elementor-element-fd90512 elementor-widget-tablet__width-initial elementor-widget-divider--view-line elementor-widget elementor-widget-divider\" data-id=\"fd90512\" data-element_type=\"widget\" data-e-type=\"widget\" data-widget_type=\"divider.default\">\n\t\t\t\t<div class=\"elementor-widget-container\">\n\t\t\t\t\t\t\t<div class=\"elementor-divider\">\n\t\t\t<span class=\"elementor-divider-separator\">\n\t\t\t\t\t\t<\/span>\n\t\t<\/div>\n\t\t\t\t\t\t<\/div>\n\t\t\t\t<\/div>\n\t\t\t\t\t<\/div>\n\t\t<\/div>\n\t\t\t\t\t<\/div>\n\t\t<\/section>\n\t\t\t\t<section class=\"elementor-section elementor-top-section elementor-element elementor-element-dca0244 elementor-section-boxed elementor-section-height-default elementor-section-height-default\" data-id=\"dca0244\" data-element_type=\"section\" data-e-type=\"section\">\n\t\t\t\t\t\t<div class=\"elementor-container elementor-column-gap-default\">\n\t\t\t\t\t<div class=\"elementor-column elementor-col-100 elementor-top-column elementor-element elementor-element-bc8c894\" data-id=\"bc8c894\" data-element_type=\"column\" data-e-type=\"column\">\n\t\t\t<div class=\"elementor-widget-wrap elementor-element-populated\">\n\t\t\t\t\t\t<div class=\"elementor-element elementor-element-241a857 elementor-widget elementor-widget-text-editor\" data-id=\"241a857\" data-element_type=\"widget\" data-e-type=\"widget\" data-widget_type=\"text-editor.default\">\n\t\t\t\t<div class=\"elementor-widget-container\">\n\t\t\t\t\t\t\t\t\t<h3 style=\"text-align: center;\">Eken\u00e4s Stadtshotell \u00e4r ett bekv\u00e4mt hotell som ligger n\u00e4ra havet och stadens centrum. Vi erbjuder standard-niv\u00e5 boende f\u00f6r resen\u00e4rer som vill \u00f6vernatta i en enkel och fridfull milj\u00f6.<\/h3><h3 style=\"text-align: center;\">Hotellet har 20 rum. Frukost ing\u00e5r i din vistelse.<\/h3>\t\t\t\t\t\t\t\t<\/div>\n\t\t\t\t<\/div>\n\t\t\t\t\t<\/div>\n\t\t<\/div>\n\t\t\t\t\t<\/div>\n\t\t<\/section>\n\t\t\t\t<section class=\"elementor-section elementor-top-section elementor-element elementor-element-9f71b75 elementor-section-boxed elementor-section-height-default elementor-section-height-default\" data-id=\"9f71b75\" data-element_type=\"section\" data-e-type=\"section\">\n\t\t\t\t\t\t<div class=\"elementor-container elementor-column-gap-default\">\n\t\t\t\t\t<div class=\"elementor-column elementor-col-100 elementor-top-column elementor-element elementor-element-dabc479\" data-id=\"dabc479\" data-element_type=\"column\" data-e-type=\"column\">\n\t\t\t<div class=\"elementor-widget-wrap elementor-element-populated\">\n\t\t\t\t\t\t<div class=\"elementor-element elementor-element-adb4551 elementor-widget-divider--view-line elementor-widget elementor-widget-divider\" data-id=\"adb4551\" data-element_type=\"widget\" data-e-type=\"widget\" data-widget_type=\"divider.default\">\n\t\t\t\t<div class=\"elementor-widget-container\">\n\t\t\t\t\t\t\t<div class=\"elementor-divider\">\n\t\t\t<span class=\"elementor-divider-separator\">\n\t\t\t\t\t\t<\/span>\n\t\t<\/div>\n\t\t\t\t\t\t<\/div>\n\t\t\t\t<\/div>\n\t\t\t\t<div class=\"elementor-element elementor-element-9f9458e elementor-widget-tablet__width-initial elementor-widget elementor-widget-heading\" data-id=\"9f9458e\" data-element_type=\"widget\" data-e-type=\"widget\" data-widget_type=\"heading.default\">\n\t\t\t\t<div class=\"elementor-widget-container\">\n\t\t\t\t\t<h2 class=\"elementor-heading-title elementor-size-default\"><u>V\u00e5ra faciliteter<\/u><\/h2>\t\t\t\t<\/div>\n\t\t\t\t<\/div>\n\t\t\t\t\t<\/div>\n\t\t<\/div>\n\t\t\t\t\t<\/div>\n\t\t<\/section>\n\t\t\t\t<section class=\"elementor-section elementor-top-section elementor-element elementor-element-0369a48 elementor-section-boxed elementor-section-height-default elementor-section-height-default\" data-id=\"0369a48\" data-element_type=\"section\" data-e-type=\"section\">\n\t\t\t\t\t\t<div class=\"elementor-container elementor-column-gap-default\">\n\t\t\t\t\t<div class=\"elementor-column elementor-col-33 elementor-top-column elementor-element elementor-element-2a87b1d\" data-id=\"2a87b1d\" data-element_type=\"column\" data-e-type=\"column\">\n\t\t\t<div class=\"elementor-widget-wrap elementor-element-populated\">\n\t\t\t\t\t\t<div class=\"elementor-element elementor-element-08cddc5 elementor-widget-tablet__width-initial elementor-view-default elementor-position-block-start elementor-mobile-position-block-start elementor-widget elementor-widget-icon-box\" data-id=\"08cddc5\" data-element_type=\"widget\" data-e-type=\"widget\" data-widget_type=\"icon-box.default\">\n\t\t\t\t<div class=\"elementor-widget-container\">\n\t\t\t\t\t\t\t<div class=\"elementor-icon-box-wrapper\">\n\n\t\t\t\t\t\t<div class=\"elementor-icon-box-icon\">\n\t\t\t\t<span  class=\"elementor-icon\">\n\t\t\t\t<i aria-hidden=\"true\" class=\"fas fa-wifi\"><\/i>\t\t\t\t<\/span>\n\t\t\t<\/div>\n\t\t\t\n\t\t\t\t\t\t<div class=\"elementor-icon-box-content\">\n\n\t\t\t\t\t\t\t\t\t<h3 class=\"elementor-icon-box-title\">\n\t\t\t\t\t\t<span  >\n\t\t\t\t\t\t\tGratis WiFi\t\t\t\t\t\t<\/span>\n\t\t\t\t\t<\/h3>\n\t\t\t\t\n\t\t\t\t\n\t\t\t<\/div>\n\t\t\t\n\t\t<\/div>\n\t\t\t\t\t\t<\/div>\n\t\t\t\t<\/div>\n\t\t\t\t<div class=\"elementor-element elementor-element-fecbfc3 elementor-view-default elementor-position-block-start elementor-mobile-position-block-start elementor-widget elementor-widget-icon-box\" data-id=\"fecbfc3\" data-element_type=\"widget\" data-e-type=\"widget\" data-widget_type=\"icon-box.default\">\n\t\t\t\t<div class=\"elementor-widget-container\">\n\t\t\t\t\t\t\t<div class=\"elementor-icon-box-wrapper\">\n\n\t\t\t\t\t\t<div class=\"elementor-icon-box-icon\">\n\t\t\t\t<span  class=\"elementor-icon\">\n\t\t\t\t<i aria-hidden=\"true\" class=\"fas fa-car\"><\/i>\t\t\t\t<\/span>\n\t\t\t<\/div>\n\t\t\t\n\t\t\t\t\t\t<div class=\"elementor-icon-box-content\">\n\n\t\t\t\t\t\t\t\t\t<h3 class=\"elementor-icon-box-title\">\n\t\t\t\t\t\t<span  >\n\t\t\t\t\t\t\tBegr\u00e4nsad kostnadsfri parkering\t\t\t\t\t\t<\/span>\n\t\t\t\t\t<\/h3>\n\t\t\t\t\n\t\t\t\t\n\t\t\t<\/div>\n\t\t\t\n\t\t<\/div>\n\t\t\t\t\t\t<\/div>\n\t\t\t\t<\/div>\n\t\t\t\t\t<\/div>\n\t\t<\/div>\n\t\t\t\t<div class=\"elementor-column elementor-col-33 elementor-top-column elementor-element elementor-element-47bec11\" data-id=\"47bec11\" data-element_type=\"column\" data-e-type=\"column\">\n\t\t\t<div class=\"elementor-widget-wrap elementor-element-populated\">\n\t\t\t\t\t\t<div class=\"elementor-element elementor-element-78c2f4e elementor-view-default elementor-position-block-start elementor-mobile-position-block-start elementor-widget elementor-widget-icon-box\" data-id=\"78c2f4e\" data-element_type=\"widget\" data-e-type=\"widget\" data-widget_type=\"icon-box.default\">\n\t\t\t\t<div class=\"elementor-widget-container\">\n\t\t\t\t\t\t\t<div class=\"elementor-icon-box-wrapper\">\n\n\t\t\t\t\t\t<div class=\"elementor-icon-box-icon\">\n\t\t\t\t<span  class=\"elementor-icon\">\n\t\t\t\t<i aria-hidden=\"true\" class=\"fas fa-water\"><\/i>\t\t\t\t<\/span>\n\t\t\t<\/div>\n\t\t\t\n\t\t\t\t\t\t<div class=\"elementor-icon-box-content\">\n\n\t\t\t\t\t\t\t\t\t<h3 class=\"elementor-icon-box-title\">\n\t\t\t\t\t\t<span  >\n\t\t\t\t\t\t\tVid stranden\t\t\t\t\t\t<\/span>\n\t\t\t\t\t<\/h3>\n\t\t\t\t\n\t\t\t\t\n\t\t\t<\/div>\n\t\t\t\n\t\t<\/div>\n\t\t\t\t\t\t<\/div>\n\t\t\t\t<\/div>\n\t\t\t\t<div class=\"elementor-element elementor-element-83ba0b7 elementor-widget-tablet__width-initial elementor-view-default elementor-position-block-start elementor-mobile-position-block-start elementor-widget elementor-widget-icon-box\" data-id=\"83ba0b7\" data-element_type=\"widget\" data-e-type=\"widget\" data-widget_type=\"icon-box.default\">\n\t\t\t\t<div class=\"elementor-widget-container\">\n\t\t\t\t\t\t\t<div class=\"elementor-icon-box-wrapper\">\n\n\t\t\t\t\t\t<div class=\"elementor-icon-box-icon\">\n\t\t\t\t<span  class=\"elementor-icon\">\n\t\t\t\t<i aria-hidden=\"true\" class=\"far fa-snowflake\"><\/i>\t\t\t\t<\/span>\n\t\t\t<\/div>\n\t\t\t\n\t\t\t\t\t\t<div class=\"elementor-icon-box-content\">\n\n\t\t\t\t\t\t\t\t\t<h3 class=\"elementor-icon-box-title\">\n\t\t\t\t\t\t<span  >\n\t\t\t\t\t\t\tLuftkonditionering\t\t\t\t\t\t<\/span>\n\t\t\t\t\t<\/h3>\n\t\t\t\t\n\t\t\t\t\n\t\t\t<\/div>\n\t\t\t\n\t\t<\/div>\n\t\t\t\t\t\t<\/div>\n\t\t\t\t<\/div>\n\t\t\t\t\t<\/div>\n\t\t<\/div>\n\t\t\t\t<div class=\"elementor-column elementor-col-33 elementor-top-column elementor-element elementor-element-ad1c943\" data-id=\"ad1c943\" data-element_type=\"column\" data-e-type=\"column\">\n\t\t\t<div class=\"elementor-widget-wrap elementor-element-populated\">\n\t\t\t\t\t\t<div class=\"elementor-element elementor-element-e558100 elementor-widget-tablet__width-initial elementor-view-default elementor-position-block-start elementor-mobile-position-block-start elementor-widget elementor-widget-icon-box\" data-id=\"e558100\" data-element_type=\"widget\" data-e-type=\"widget\" data-widget_type=\"icon-box.default\">\n\t\t\t\t<div class=\"elementor-widget-container\">\n\t\t\t\t\t\t\t<div class=\"elementor-icon-box-wrapper\">\n\n\t\t\t\t\t\t<div class=\"elementor-icon-box-icon\">\n\t\t\t\t<span  class=\"elementor-icon\">\n\t\t\t\t<i aria-hidden=\"true\" class=\"fas fa-coffee\"><\/i>\t\t\t\t<\/span>\n\t\t\t<\/div>\n\t\t\t\n\t\t\t\t\t\t<div class=\"elementor-icon-box-content\">\n\n\t\t\t\t\t\t\t\t\t<h3 class=\"elementor-icon-box-title\">\n\t\t\t\t\t\t<span  >\n\t\t\t\t\t\t\tFrukost\t\t\t\t\t\t<\/span>\n\t\t\t\t\t<\/h3>\n\t\t\t\t\n\t\t\t\t\n\t\t\t<\/div>\n\t\t\t\n\t\t<\/div>\n\t\t\t\t\t\t<\/div>\n\t\t\t\t<\/div>\n\t\t\t\t<div class=\"elementor-element elementor-element-8f8aaeb elementor-view-default elementor-position-block-start elementor-mobile-position-block-start elementor-widget elementor-widget-icon-box\" data-id=\"8f8aaeb\" data-element_type=\"widget\" data-e-type=\"widget\" data-widget_type=\"icon-box.default\">\n\t\t\t\t<div class=\"elementor-widget-container\">\n\t\t\t\t\t\t\t<div class=\"elementor-icon-box-wrapper\">\n\n\t\t\t\t\t\t<div class=\"elementor-icon-box-icon\">\n\t\t\t\t<span  class=\"elementor-icon\">\n\t\t\t\t<i aria-hidden=\"true\" class=\"fas fa-smoking-ban\"><\/i>\t\t\t\t<\/span>\n\t\t\t<\/div>\n\t\t\t\n\t\t\t\t\t\t<div class=\"elementor-icon-box-content\">\n\n\t\t\t\t\t\t\t\t\t<h3 class=\"elementor-icon-box-title\">\n\t\t\t\t\t\t<span  >\n\t\t\t\t\t\t\tR\u00f6kfritt hotell\t\t\t\t\t\t<\/span>\n\t\t\t\t\t<\/h3>\n\t\t\t\t\n\t\t\t\t\n\t\t\t<\/div>\n\t\t\t\n\t\t<\/div>\n\t\t\t\t\t\t<\/div>\n\t\t\t\t<\/div>\n\t\t\t\t\t<\/div>\n\t\t<\/div>\n\t\t\t\t\t<\/div>\n\t\t<\/section>\n\t\t\t\t<section class=\"elementor-section elementor-top-section elementor-element elementor-element-6443a092 elementor-section-boxed elementor-section-height-default elementor-section-height-default\" data-id=\"6443a092\" data-element_type=\"section\" data-e-type=\"section\">\n\t\t\t\t\t\t<div class=\"elementor-container elementor-column-gap-default\">\n\t\t\t\t\t<div class=\"elementor-column elementor-col-100 elementor-top-column elementor-element elementor-element-7a022853\" data-id=\"7a022853\" data-element_type=\"column\" data-e-type=\"column\">\n\t\t\t<div class=\"elementor-widget-wrap elementor-element-populated\">\n\t\t\t\t\t\t<div class=\"elementor-element elementor-element-6d2e09fe elementor-widget-tablet__width-initial elementor-widget-divider--view-line elementor-widget elementor-widget-divider\" data-id=\"6d2e09fe\" data-element_type=\"widget\" data-e-type=\"widget\" data-widget_type=\"divider.default\">\n\t\t\t\t<div class=\"elementor-widget-container\">\n\t\t\t\t\t\t\t<div class=\"elementor-divider\">\n\t\t\t<span class=\"elementor-divider-separator\">\n\t\t\t\t\t\t<\/span>\n\t\t<\/div>\n\t\t\t\t\t\t<\/div>\n\t\t\t\t<\/div>\n\t\t\t\t\t<\/div>\n\t\t<\/div>\n\t\t\t\t\t<\/div>\n\t\t<\/section>\n\t\t\t\t<\/div>\n\t\t","protected":false},"excerpt":{"rendered":"<p>V\u00e4lkommen till Eken\u00e4s Stadshotell Eken\u00e4s Stadtshotell \u00e4r ett bekv\u00e4mt hotell som ligger n\u00e4ra havet och &#8230; <\/p>\n<div class=\"text-center\"><a class=\"theme-btn\" href=\"https:\/\/kaupunginhotelli.fi\/index.php\/sv\/hem-2\/\">Read More<\/a><\/div>\n","protected":false},"author":1,"featured_media":0,"parent":0,"menu_order":0,"comment_status":"closed","ping_status":"closed","template":"template-homepage.php","meta":{"footnotes":""},"class_list":["post-511","page","type-page","status-publish","hentry"],"yoast_head":"<!-- This site is optimized with the Yoast SEO plugin v27.6 - https:\/\/yoast.com\/product\/yoast-seo-wordpress\/ -->\n<title>Hem - Kaupunginhotelli<\/title>\n<meta name=\"robots\" content=\"index, follow, max-snippet:-1, max-image-preview:large, max-video-preview:-1\" \/>\n<link rel=\"canonical\" href=\"https:\/\/kaupunginhotelli.fi\/index.php\/sv\/hem-2\/\" \/>\n<meta property=\"og:locale\" content=\"en_US\" \/>\n<meta property=\"og:type\" content=\"article\" \/>\n<meta property=\"og:title\" content=\"Hem - Kaupunginhotelli\" \/>\n<meta property=\"og:description\" content=\"V\u00e4lkommen till Eken\u00e4s Stadshotell Eken\u00e4s Stadtshotell \u00e4r ett bekv\u00e4mt hotell som ligger n\u00e4ra havet och ... Read More\" \/>\n<meta property=\"og:url\" content=\"https:\/\/kaupunginhotelli.fi\/index.php\/sv\/hem-2\/\" \/>\n<meta property=\"og:site_name\" content=\"Kaupunginhotelli\" \/>\n<meta property=\"article:modified_time\" content=\"2026-01-19T09:20:15+00:00\" \/>\n<meta property=\"og:image\" content=\"https:\/\/kaupunginhotelli.fi\/wp-content\/uploads\/2025\/03\/julkisivu-Tammisaaren-kaupunginhotelli-1.jpg\" \/>\n\t<meta property=\"og:image:width\" content=\"2560\" \/>\n\t<meta property=\"og:image:height\" content=\"1920\" \/>\n\t<meta property=\"og:image:type\" content=\"image\/jpeg\" \/>\n<meta name=\"twitter:card\" content=\"summary_large_image\" \/>\n<meta name=\"twitter:label1\" content=\"Est. reading time\" \/>\n\t<meta name=\"twitter:data1\" content=\"1 minute\" \/>\n<script type=\"application\/ld+json\" class=\"yoast-schema-graph\">{\"@context\":\"https:\\\/\\\/schema.org\",\"@graph\":[{\"@type\":\"WebPage\",\"@id\":\"https:\\\/\\\/kaupunginhotelli.fi\\\/index.php\\\/sv\\\/hem-2\\\/\",\"url\":\"https:\\\/\\\/kaupunginhotelli.fi\\\/index.php\\\/sv\\\/hem-2\\\/\",\"name\":\"Hem - Kaupunginhotelli\",\"isPartOf\":{\"@id\":\"https:\\\/\\\/kaupunginhotelli.fi\\\/#website\"},\"primaryImageOfPage\":{\"@id\":\"https:\\\/\\\/kaupunginhotelli.fi\\\/index.php\\\/sv\\\/hem-2\\\/#primaryimage\"},\"image\":{\"@id\":\"https:\\\/\\\/kaupunginhotelli.fi\\\/index.php\\\/sv\\\/hem-2\\\/#primaryimage\"},\"thumbnailUrl\":\"https:\\\/\\\/kaupunginhotelli.fi\\\/wp-content\\\/uploads\\\/2025\\\/03\\\/julkisivu-Tammisaaren-kaupunginhotelli-1-768x576.jpg\",\"datePublished\":\"2023-09-08T10:51:27+00:00\",\"dateModified\":\"2026-01-19T09:20:15+00:00\",\"inLanguage\":\"en-US\",\"potentialAction\":[{\"@type\":\"ReadAction\",\"target\":[\"https:\\\/\\\/kaupunginhotelli.fi\\\/index.php\\\/sv\\\/hem-2\\\/\"]}]},{\"@type\":\"ImageObject\",\"inLanguage\":\"en-US\",\"@id\":\"https:\\\/\\\/kaupunginhotelli.fi\\\/index.php\\\/sv\\\/hem-2\\\/#primaryimage\",\"url\":\"https:\\\/\\\/kaupunginhotelli.fi\\\/wp-content\\\/uploads\\\/2025\\\/03\\\/julkisivu-Tammisaaren-kaupunginhotelli-1.jpg\",\"contentUrl\":\"https:\\\/\\\/kaupunginhotelli.fi\\\/wp-content\\\/uploads\\\/2025\\\/03\\\/julkisivu-Tammisaaren-kaupunginhotelli-1.jpg\",\"width\":2560,\"height\":1920},{\"@type\":\"WebSite\",\"@id\":\"https:\\\/\\\/kaupunginhotelli.fi\\\/#website\",\"url\":\"https:\\\/\\\/kaupunginhotelli.fi\\\/\",\"name\":\"www.kaupunginhotelli.fi\",\"description\":\"\",\"publisher\":{\"@id\":\"https:\\\/\\\/kaupunginhotelli.fi\\\/#organization\"},\"potentialAction\":[{\"@type\":\"SearchAction\",\"target\":{\"@type\":\"EntryPoint\",\"urlTemplate\":\"https:\\\/\\\/kaupunginhotelli.fi\\\/?s={search_term_string}\"},\"query-input\":{\"@type\":\"PropertyValueSpecification\",\"valueRequired\":true,\"valueName\":\"search_term_string\"}}],\"inLanguage\":\"en-US\"},{\"@type\":\"Organization\",\"@id\":\"https:\\\/\\\/kaupunginhotelli.fi\\\/#organization\",\"name\":\"Tammisaaren Kaupunginhotelli Oy\",\"url\":\"https:\\\/\\\/kaupunginhotelli.fi\\\/\",\"logo\":{\"@type\":\"ImageObject\",\"inLanguage\":\"en-US\",\"@id\":\"https:\\\/\\\/kaupunginhotelli.fi\\\/#\\\/schema\\\/logo\\\/image\\\/\",\"url\":\"https:\\\/\\\/kaupunginhotelli.fi\\\/wp-content\\\/uploads\\\/2023\\\/09\\\/cropped-Tammisaaren-kaupunginhotelli.png\",\"contentUrl\":\"https:\\\/\\\/kaupunginhotelli.fi\\\/wp-content\\\/uploads\\\/2023\\\/09\\\/cropped-Tammisaaren-kaupunginhotelli.png\",\"width\":422,\"height\":141,\"caption\":\"Tammisaaren Kaupunginhotelli Oy\"},\"image\":{\"@id\":\"https:\\\/\\\/kaupunginhotelli.fi\\\/#\\\/schema\\\/logo\\\/image\\\/\"}}]}<\/script>\n<!-- \/ Yoast SEO plugin. -->","yoast_head_json":{"title":"Hem - Kaupunginhotelli","robots":{"index":"index","follow":"follow","max-snippet":"max-snippet:-1","max-image-preview":"max-image-preview:large","max-video-preview":"max-video-preview:-1"},"canonical":"https:\/\/kaupunginhotelli.fi\/index.php\/sv\/hem-2\/","og_locale":"en_US","og_type":"article","og_title":"Hem - Kaupunginhotelli","og_description":"V\u00e4lkommen till Eken\u00e4s Stadshotell Eken\u00e4s Stadtshotell \u00e4r ett bekv\u00e4mt hotell som ligger n\u00e4ra havet och ... Read More","og_url":"https:\/\/kaupunginhotelli.fi\/index.php\/sv\/hem-2\/","og_site_name":"Kaupunginhotelli","article_modified_time":"2026-01-19T09:20:15+00:00","og_image":[{"width":2560,"height":1920,"url":"https:\/\/kaupunginhotelli.fi\/wp-content\/uploads\/2025\/03\/julkisivu-Tammisaaren-kaupunginhotelli-1.jpg","type":"image\/jpeg"}],"twitter_card":"summary_large_image","twitter_misc":{"Est. reading time":"1 minute"},"schema":{"@context":"https:\/\/schema.org","@graph":[{"@type":"WebPage","@id":"https:\/\/kaupunginhotelli.fi\/index.php\/sv\/hem-2\/","url":"https:\/\/kaupunginhotelli.fi\/index.php\/sv\/hem-2\/","name":"Hem - Kaupunginhotelli","isPartOf":{"@id":"https:\/\/kaupunginhotelli.fi\/#website"},"primaryImageOfPage":{"@id":"https:\/\/kaupunginhotelli.fi\/index.php\/sv\/hem-2\/#primaryimage"},"image":{"@id":"https:\/\/kaupunginhotelli.fi\/index.php\/sv\/hem-2\/#primaryimage"},"thumbnailUrl":"https:\/\/kaupunginhotelli.fi\/wp-content\/uploads\/2025\/03\/julkisivu-Tammisaaren-kaupunginhotelli-1-768x576.jpg","datePublished":"2023-09-08T10:51:27+00:00","dateModified":"2026-01-19T09:20:15+00:00","inLanguage":"en-US","potentialAction":[{"@type":"ReadAction","target":["https:\/\/kaupunginhotelli.fi\/index.php\/sv\/hem-2\/"]}]},{"@type":"ImageObject","inLanguage":"en-US","@id":"https:\/\/kaupunginhotelli.fi\/index.php\/sv\/hem-2\/#primaryimage","url":"https:\/\/kaupunginhotelli.fi\/wp-content\/uploads\/2025\/03\/julkisivu-Tammisaaren-kaupunginhotelli-1.jpg","contentUrl":"https:\/\/kaupunginhotelli.fi\/wp-content\/uploads\/2025\/03\/julkisivu-Tammisaaren-kaupunginhotelli-1.jpg","width":2560,"height":1920},{"@type":"WebSite","@id":"https:\/\/kaupunginhotelli.fi\/#website","url":"https:\/\/kaupunginhotelli.fi\/","name":"www.kaupunginhotelli.fi","description":"","publisher":{"@id":"https:\/\/kaupunginhotelli.fi\/#organization"},"potentialAction":[{"@type":"SearchAction","target":{"@type":"EntryPoint","urlTemplate":"https:\/\/kaupunginhotelli.fi\/?s={search_term_string}"},"query-input":{"@type":"PropertyValueSpecification","valueRequired":true,"valueName":"search_term_string"}}],"inLanguage":"en-US"},{"@type":"Organization","@id":"https:\/\/kaupunginhotelli.fi\/#organization","name":"Tammisaaren Kaupunginhotelli Oy","url":"https:\/\/kaupunginhotelli.fi\/","logo":{"@type":"ImageObject","inLanguage":"en-US","@id":"https:\/\/kaupunginhotelli.fi\/#\/schema\/logo\/image\/","url":"https:\/\/kaupunginhotelli.fi\/wp-content\/uploads\/2023\/09\/cropped-Tammisaaren-kaupunginhotelli.png","contentUrl":"https:\/\/kaupunginhotelli.fi\/wp-content\/uploads\/2023\/09\/cropped-Tammisaaren-kaupunginhotelli.png","width":422,"height":141,"caption":"Tammisaaren Kaupunginhotelli Oy"},"image":{"@id":"https:\/\/kaupunginhotelli.fi\/#\/schema\/logo\/image\/"}}]}},"_links":{"self":[{"href":"https:\/\/kaupunginhotelli.fi\/index.php\/wp-json\/wp\/v2\/pages\/511","targetHints":{"allow":["GET"]}}],"collection":[{"href":"https:\/\/kaupunginhotelli.fi\/index.php\/wp-json\/wp\/v2\/pages"}],"about":[{"href":"https:\/\/kaupunginhotelli.fi\/index.php\/wp-json\/wp\/v2\/types\/page"}],"author":[{"embeddable":true,"href":"https:\/\/kaupunginhotelli.fi\/index.php\/wp-json\/wp\/v2\/users\/1"}],"replies":[{"embeddable":true,"href":"https:\/\/kaupunginhotelli.fi\/index.php\/wp-json\/wp\/v2\/comments?post=511"}],"version-history":[{"count":59,"href":"https:\/\/kaupunginhotelli.fi\/index.php\/wp-json\/wp\/v2\/pages\/511\/revisions"}],"predecessor-version":[{"id":1062,"href":"https:\/\/kaupunginhotelli.fi\/index.php\/wp-json\/wp\/v2\/pages\/511\/revisions\/1062"}],"wp:attachment":[{"href":"https:\/\/kaupunginhotelli.fi\/index.php\/wp-json\/wp\/v2\/media?parent=511"}],"curies":[{"name":"wp","href":"https:\/\/api.w.org\/{rel}","templated":true}]}}